{"id":20,"date":"2022-12-07T10:33:17","date_gmt":"2022-12-07T09:33:17","guid":{"rendered":"https:\/\/vshaidershofen.ac.at\/?page_id=20"},"modified":"2025-11-06T10:41:58","modified_gmt":"2025-11-06T09:41:58","slug":"schule","status":"publish","type":"page","link":"https:\/\/vshaidershofen.ac.at\/index.php\/schule\/","title":{"rendered":"Schule"},"content":{"rendered":"\t\t<div data-elementor-type=\"wp-page\" data-elementor-id=\"20\" class=\"elementor elementor-20\">\n\t\t\t\t\t\t\t\t\t<section class=\"elementor-section elementor-top-section elementor-element elementor-element-c5d6c5a elementor-section-boxed elementor-section-height-default elementor-section-height-default\" data-id=\"c5d6c5a\" data-element_type=\"section\">\n\t\t\t\t\t\t<div class=\"elementor-container elementor-column-gap-default\">\n\t\t\t\t\t<div class=\"elementor-column elementor-col-100 elementor-top-column elementor-element elementor-element-92de2d0\" data-id=\"92de2d0\" data-element_type=\"column\">\n\t\t\t<div class=\"elementor-widget-wrap elementor-element-populated\">\n\t\t\t\t\t\t\t\t<div class=\"elementor-element elementor-element-5935993 elementor-widget elementor-widget-spacer\" data-id=\"5935993\" data-element_type=\"widget\" data-widget_type=\"spacer.default\">\n\t\t\t\t<div class=\"elementor-widget-container\">\n\t\t\t\t\t<div class=\"elementor-spacer\">\n\t\t\t<div class=\"elementor-spacer-inner\"><\/div>\n\t\t<\/div>\n\t\t\t\t<\/div>\n\t\t\t\t<\/div>\n\t\t\t\t<div class=\"elementor-element elementor-element-6c01b1e elementor-widget elementor-widget-heading\" data-id=\"6c01b1e\" data-element_type=\"widget\" data-widget_type=\"heading.default\">\n\t\t\t\t<div class=\"elementor-widget-container\">\n\t\t\t<h2 class=\"elementor-heading-title elementor-size-default\">News - Hier Finden Sie wichtige Neuigkeiten<\/h2>\t\t<\/div>\n\t\t\t\t<\/div>\n\t\t\t\t<div class=\"elementor-element elementor-element-299a1ef elementor-widget elementor-widget-spacer\" data-id=\"299a1ef\" data-element_type=\"widget\" data-widget_type=\"spacer.default\">\n\t\t\t\t<div class=\"elementor-widget-container\">\n\t\t\t\t\t<div class=\"elementor-spacer\">\n\t\t\t<div class=\"elementor-spacer-inner\"><\/div>\n\t\t<\/div>\n\t\t\t\t<\/div>\n\t\t\t\t<\/div>\n\t\t\t\t\t<\/div>\n\t\t<\/div>\n\t\t\t\t\t\t\t<\/div>\n\t\t<\/section>\n\t\t\t\t<section class=\"elementor-section elementor-top-section elementor-element elementor-element-7487cea elementor-section-boxed elementor-section-height-default elementor-section-height-default\" data-id=\"7487cea\" data-element_type=\"section\">\n\t\t\t\t\t\t<div class=\"elementor-container elementor-column-gap-default\">\n\t\t\t\t\t<div class=\"elementor-column elementor-col-100 elementor-top-column elementor-element elementor-element-a9ae572\" data-id=\"a9ae572\" data-element_type=\"column\">\n\t\t\t<div class=\"elementor-widget-wrap elementor-element-populated\">\n\t\t\t\t\t\t\t\t<section class=\"elementor-section elementor-inner-section elementor-element elementor-element-f2d2f05 elementor-section-boxed elementor-section-height-default elementor-section-height-default\" data-id=\"f2d2f05\" data-element_type=\"section\">\n\t\t\t\t\t\t<div class=\"elementor-container elementor-column-gap-default\">\n\t\t\t\t\t<div class=\"elementor-column elementor-col-50 elementor-inner-column elementor-element elementor-element-029f728\" data-id=\"029f728\" data-element_type=\"column\">\n\t\t\t<div class=\"elementor-widget-wrap elementor-element-populated\">\n\t\t\t\t\t\t\t\t<div class=\"elementor-element elementor-element-288e4cf elementor-widget elementor-widget-text-editor\" data-id=\"288e4cf\" data-element_type=\"widget\" data-widget_type=\"text-editor.default\">\n\t\t\t\t<div class=\"elementor-widget-container\">\n\t\t\t\t\t\t\t<h3 data-start=\"74\" data-end=\"116\">Elternsprechtag am 10. November 2025<\/h3>\n<p data-start=\"118\" data-end=\"383\">Am Montag, den 10. November 2025, findet in der Volksschule unser&nbsp; Elternsprechtag statt. Wir laden alle Eltern herzlich ein.<\/p>\n<p data-start=\"385\" data-end=\"567\">F\u00fcr das leibliche Wohl sorgt der Elternverein mit einem liebevoll vorbereiteten Kaffee- und Kuchenbuffet \u2013 perfekt, um zwischen den Gespr\u00e4chen eine kleine Pause einzulegen.<\/p>\n<p data-start=\"569\" data-end=\"854\">Au\u00dferdem erwartet Sie eine Buchausstellung im Werkraum, bei der Sie in lehrreichen und unterhaltsamen B\u00fcchern st\u00f6bern k\u00f6nnen. Bestellungen sind direkt vor Ort m\u00f6glich \u2013 vielleicht findet sich dabei schon das eine oder andere passende Geschenk f\u00fcr das kommende Weihnachtsfest!<\/p>\n<p data-start=\"856\" data-end=\"957\">Wir freuen uns auf Ihr Kommen und auf einen informativen, gem\u00fctlichen Nachmittag in unserer Schule.<\/p>\t\t\t\t\t\t<\/div>\n\t\t\t\t<\/div>\n\t\t\t\t\t<\/div>\n\t\t<\/div>\n\t\t\t\t<div class=\"elementor-column elementor-col-50 elementor-inner-column elementor-element elementor-element-54df571\" data-id=\"54df571\" data-element_type=\"column\">\n\t\t\t<div class=\"elementor-widget-wrap elementor-element-populated\">\n\t\t\t\t\t\t\t\t<div class=\"elementor-element elementor-element-0b03b58 elementor-widget elementor-widget-image\" data-id=\"0b03b58\" data-element_type=\"widget\" data-widget_type=\"image.default\">\n\t\t\t\t<div class=\"elementor-widget-container\">\n\t\t\t\t\t\t\t\t\t\t\t\t\t\t\t<img loading=\"lazy\" decoding=\"async\" width=\"300\" height=\"199\" src=\"https:\/\/vshaidershofen.ac.at\/wp-content\/uploads\/2025\/11\/in-vertikalen-buecher-organisiert-300x199.jpg\" class=\"attachment-medium size-medium wp-image-3870\" alt=\"\" srcset=\"https:\/\/vshaidershofen.ac.at\/wp-content\/uploads\/2025\/11\/in-vertikalen-buecher-organisiert-300x199.jpg 300w, https:\/\/vshaidershofen.ac.at\/wp-content\/uploads\/2025\/11\/in-vertikalen-buecher-organisiert-1024x680.jpg 1024w, https:\/\/vshaidershofen.ac.at\/wp-content\/uploads\/2025\/11\/in-vertikalen-buecher-organisiert-768x510.jpg 768w, https:\/\/vshaidershofen.ac.at\/wp-content\/uploads\/2025\/11\/in-vertikalen-buecher-organisiert-1536x1020.jpg 1536w, https:\/\/vshaidershofen.ac.at\/wp-content\/uploads\/2025\/11\/in-vertikalen-buecher-organisiert-2048x1360.jpg 2048w\" sizes=\"auto, (max-width: 300px) 100vw, 300px\" \/>\t\t\t\t\t\t\t\t\t\t\t\t\t\t\t<\/div>\n\t\t\t\t<\/div>\n\t\t\t\t\t<\/div>\n\t\t<\/div>\n\t\t\t\t\t\t\t<\/div>\n\t\t<\/section>\n\t\t\t\t\t<\/div>\n\t\t<\/div>\n\t\t\t\t\t\t\t<\/div>\n\t\t<\/section>\n\t\t\t\t<section class=\"elementor-section elementor-top-section elementor-element elementor-element-98a87d5 elementor-section-boxed elementor-section-height-default elementor-section-height-default\" data-id=\"98a87d5\" data-element_type=\"section\">\n\t\t\t\t\t\t<div class=\"elementor-container elementor-column-gap-default\">\n\t\t\t\t\t<div class=\"elementor-column elementor-col-100 elementor-top-column elementor-element elementor-element-7451e77\" data-id=\"7451e77\" data-element_type=\"column\">\n\t\t\t<div class=\"elementor-widget-wrap elementor-element-populated\">\n\t\t\t\t\t\t\t\t<div class=\"elementor-element elementor-element-8a6b080 elementor-widget elementor-widget-spacer\" data-id=\"8a6b080\" data-element_type=\"widget\" data-widget_type=\"spacer.default\">\n\t\t\t\t<div class=\"elementor-widget-container\">\n\t\t\t\t\t<div class=\"elementor-spacer\">\n\t\t\t<div class=\"elementor-spacer-inner\"><\/div>\n\t\t<\/div>\n\t\t\t\t<\/div>\n\t\t\t\t<\/div>\n\t\t\t\t\t<\/div>\n\t\t<\/div>\n\t\t\t\t\t\t\t<\/div>\n\t\t<\/section>\n\t\t\t\t\t\t\t<\/div>\n\t\t","protected":false},"excerpt":{"rendered":"<p>News &#8211; Hier Finden Sie wichtige Neuigkeiten Elternsprechtag am 10. November 2025 Am Montag, den 10. November 2025, findet in der Volksschule unser&nbsp; Elternsprechtag statt. Wir laden alle Eltern herzlich&hellip;<\/p>\n","protected":false},"author":1,"featured_media":0,"parent":0,"menu_order":0,"comment_status":"closed","ping_status":"closed","template":"","meta":{"_themeisle_gutenberg_block_has_review":false,"footnotes":""},"class_list":["post-20","page","type-page","status-publish","hentry"],"_links":{"self":[{"href":"https:\/\/vshaidershofen.ac.at\/index.php\/wp-json\/wp\/v2\/pages\/20","targetHints":{"allow":["GET"]}}],"collection":[{"href":"https:\/\/vshaidershofen.ac.at\/index.php\/wp-json\/wp\/v2\/pages"}],"about":[{"href":"https:\/\/vshaidershofen.ac.at\/index.php\/wp-json\/wp\/v2\/types\/page"}],"author":[{"embeddable":true,"href":"https:\/\/vshaidershofen.ac.at\/index.php\/wp-json\/wp\/v2\/users\/1"}],"replies":[{"embeddable":true,"href":"https:\/\/vshaidershofen.ac.at\/index.php\/wp-json\/wp\/v2\/comments?post=20"}],"version-history":[{"count":58,"href":"https:\/\/vshaidershofen.ac.at\/index.php\/wp-json\/wp\/v2\/pages\/20\/revisions"}],"predecessor-version":[{"id":3881,"href":"https:\/\/vshaidershofen.ac.at\/index.php\/wp-json\/wp\/v2\/pages\/20\/revisions\/3881"}],"wp:attachment":[{"href":"https:\/\/vshaidershofen.ac.at\/index.php\/wp-json\/wp\/v2\/media?parent=20"}],"curies":[{"name":"wp","href":"https:\/\/api.w.org\/{rel}","templated":true}]}}