{"id":23,"date":"2022-12-07T10:36:28","date_gmt":"2022-12-07T09:36:28","guid":{"rendered":"https:\/\/vshaidershofen.ac.at\/?page_id=23"},"modified":"2026-01-07T13:39:09","modified_gmt":"2026-01-07T12:39:09","slug":"startseite","status":"publish","type":"page","link":"https:\/\/vshaidershofen.ac.at\/","title":{"rendered":"Startseite"},"content":{"rendered":"\t\t<div data-elementor-type=\"wp-page\" data-elementor-id=\"23\" class=\"elementor elementor-23\">\n\t\t\t\t\t\t\t\t\t<section class=\"elementor-section elementor-top-section elementor-element elementor-element-9ddc8ec elementor-section-height-full elementor-section-boxed elementor-section-height-default elementor-section-items-middle\" data-id=\"9ddc8ec\" data-element_type=\"section\">\n\t\t\t\t\t\t<div class=\"elementor-container elementor-column-gap-no\">\n\t\t\t\t\t<div class=\"elementor-column elementor-col-100 elementor-top-column elementor-element elementor-element-728685a\" data-id=\"728685a\" data-element_type=\"column\">\n\t\t\t<div class=\"elementor-widget-wrap elementor-element-populated\">\n\t\t\t\t\t\t\t\t<div class=\"elementor-element elementor-element-5f25df9 elementor-widget elementor-widget-slider_revolution\" data-id=\"5f25df9\" data-element_type=\"widget\" data-widget_type=\"slider_revolution.default\">\n\t\t\t\t<div class=\"elementor-widget-container\">\n\t\t\t\n\t\t<div class=\"wp-block-themepunch-revslider\">\n\t\t\t<!-- START the7agencyelementor REVOLUTION SLIDER 6.6.5 --><p class=\"rs-p-wp-fix\"><\/p>\n\t\t\t<rs-module-wrap id=\"rev_slider_1_1_wrapper\" data-source=\"gallery\" style=\"visibility:hidden;background:#000000;padding:0;\">\n\t\t\t\t<rs-module id=\"rev_slider_1_1\" style=\"\" data-version=\"6.6.5\">\n\t\t\t\t\t<rs-slides style=\"overflow: hidden; position: absolute;\">\n\t\t\t\t\t\t<rs-slide style=\"position: absolute;\" data-key=\"rs-1\" data-title=\"Slide\" data-anim=\"ms:600;\" data-in=\"o:0;\" data-out=\"a:false;\">\n\t\t\t\t\t\t\t<img decoding=\"async\" src=\"\/\/vshaidershofen.ac.at\/wp-content\/plugins\/revslider\/public\/assets\/assets\/dummy.png\" alt=\"\" title=\"202309031758_1.jpeg\" width=\"640\" height=\"360\" class=\"rev-slidebg tp-rs-img rs-lazyload\" data-lazyload=\"\/\/vshaidershofen.ac.at\/wp-content\/uploads\/revslider\/video-media\/202309031758_1.jpeg\" data-parallax=\"off\" data-no-retina>\n\t\t\t\t\t\t\t<rs-bgvideo \n\t\t\t\t\t\t\t\tdata-video=\"sp:1.5;vc:none;w:100%;h:100%;sta:0:30;end:0:58;nse:false;l:true;ptimer:false;\"\n\t\t\t\t\t\t\t\tdata-ytid=\"jqjHglbps38\"\n\t\t\t\t\t\t\t\tdata-vatr=\"version=3&amp;enablejsapi=1&amp;html5=1&amp;hd=1&amp;wmode=opaque&amp;showinfo=0&amp;rel=0&amp;origin=https:\/\/vshaidershofen.ac.at;\"\n\t\t\t\t\t\t\t><\/rs-bgvideo>\n<!--\n\t\t\t\t\t\t\t--><rs-layer\n\t\t\t\t\t\t\t\tid=\"slider-1-slide-1-layer-3\" \n\t\t\t\t\t\t\t\tdata-type=\"text\"\n\t\t\t\t\t\t\t\tdata-rsp_ch=\"on\"\n\t\t\t\t\t\t\t\tdata-xy=\"x:c;y:m;yo:25px,25px,35px,35px;\"\n\t\t\t\t\t\t\t\tdata-text=\"s:100,100,80,70;l:120,120,90,90;ls:2px,2px,0px,0px;fw:600;a:inherit;\"\n\t\t\t\t\t\t\t\tdata-frame_0=\"x:-50px;\"\n\t\t\t\t\t\t\t\tdata-frame_1=\"e:power2.out;st:2000;sp:1400;sR:2000;\"\n\t\t\t\t\t\t\t\tdata-frame_999=\"o:0;st:w;sR:6100;\"\n\t\t\t\t\t\t\t\tstyle=\"z-index:11;font-family:'Libre Franklin';\"\n\t\t\t\t\t\t\t>VOLKSSCHULE  \n\t\t\t\t\t\t\t<\/rs-layer><!--\n\n\t\t\t\t\t\t\t--><rs-layer\n\t\t\t\t\t\t\t\tid=\"slider-1-slide-1-layer-4\" \n\t\t\t\t\t\t\t\tdata-type=\"text\"\n\t\t\t\t\t\t\t\tdata-color=\"#009933||#009933||#0077b6||#0077b6\"\n\t\t\t\t\t\t\t\tdata-rsp_ch=\"on\"\n\t\t\t\t\t\t\t\tdata-xy=\"x:c;xo:-123px,-123px,-128px,-111px;y:m;yo:-77px,-77px,-49px,-38px;\"\n\t\t\t\t\t\t\t\tdata-text=\"s:100,100,80,70;l:120,120,90,90;ls:2px,2px,0px,0px;fw:600;a:inherit;\"\n\t\t\t\t\t\t\t\tdata-frame_0=\"sX:0.9;sY:0.9;\"\n\t\t\t\t\t\t\t\tdata-frame_1=\"st:400;sp:1400;sR:600;\"\n\t\t\t\t\t\t\t\tdata-frame_999=\"o:0;st:w;sR:7800;\"\n\t\t\t\t\t\t\t\tstyle=\"z-index:9;font-family:'Libre Franklin';\"\n\t\t\t\t\t\t\t>Willkommen \n\t\t\t\t\t\t\t<\/rs-layer><!--\n\n\t\t\t\t\t\t\t--><rs-layer\n\t\t\t\t\t\t\t\tid=\"slider-1-slide-1-layer-5\" \n\t\t\t\t\t\t\t\tdata-type=\"text\"\n\t\t\t\t\t\t\t\tdata-rsp_ch=\"on\"\n\t\t\t\t\t\t\t\tdata-xy=\"x:c;xo:333px,333px,259px,226px;y:m;yo:-77px,-77px,-48px,-35px;\"\n\t\t\t\t\t\t\t\tdata-text=\"s:80,80,80,70;l:120,120,90,90;ls:2px,2px,0px,0px;fw:600;a:inherit;\"\n\t\t\t\t\t\t\t\tdata-frame_0=\"x:50px;\"\n\t\t\t\t\t\t\t\tdata-frame_1=\"e:power2.out;st:1200;sp:1400;sR:1200;\"\n\t\t\t\t\t\t\t\tdata-frame_999=\"o:0;st:w;sR:6900;\"\n\t\t\t\t\t\t\t\tstyle=\"z-index:10;font-family:'Libre Franklin';\"\n\t\t\t\t\t\t\t>an der \n\t\t\t\t\t\t\t<\/rs-layer><!--\n\n\t\t\t\t\t\t\t--><rs-layer\n\t\t\t\t\t\t\t\tid=\"slider-1-slide-1-layer-7\" \n\t\t\t\t\t\t\t\tdata-type=\"text\"\n\t\t\t\t\t\t\t\tdata-color=\"#009933\"\n\t\t\t\t\t\t\t\tdata-rsp_ch=\"on\"\n\t\t\t\t\t\t\t\tdata-xy=\"x:c;xo:3px;y:m;yo:140px;\"\n\t\t\t\t\t\t\t\tdata-text=\"s:50,50,30,30;l:34;ls:13px,13px,13px,6px;fw:600;a:inherit;\"\n\t\t\t\t\t\t\t\tdata-frame_0=\"y:50px;\"\n\t\t\t\t\t\t\t\tdata-frame_1=\"st:2500;sp:1400;sR:2500;\"\n\t\t\t\t\t\t\t\tdata-frame_999=\"o:0;st:w;sR:5600;\"\n\t\t\t\t\t\t\t\tstyle=\"z-index:12;font-family:'Libre Franklin';text-transform:uppercase;\"\n\t\t\t\t\t\t\t>Haidershofen \n\t\t\t\t\t\t\t<\/rs-layer><!--\n\n\t\t\t\t\t\t\t--><rs-layer\n\t\t\t\t\t\t\t\tid=\"slider-1-slide-1-layer-16\" \n\t\t\t\t\t\t\t\tclass=\"rs-svg\"\n\t\t\t\t\t\t\t\tdata-type=\"svg\"\n\t\t\t\t\t\t\t\tdata-rsp_ch=\"on\"\n\t\t\t\t\t\t\t\tdata-xy=\"x:c;y:m;yo:238px;\"\n\t\t\t\t\t\t\t\tdata-text=\"s:40;l:40;a:inherit;\"\n\t\t\t\t\t\t\t\tdata-dim=\"w:80px;h:80px;\"\n\t\t\t\t\t\t\t\tdata-actions='o:click;a:scrollbelow;offset:-72px;sp:500;e:none;'\n\t\t\t\t\t\t\t\tdata-svg_src=\"\/\/vshaidershofen.ac.at\/wp-content\/\/vsvestenthal.ac.at\/wp-content\/\/localhost\/MEDT_Abschlussarbeit\/wordpress\/wp-content\/plugins\/revslider\/public\/assets\/assets\/svg\/navigation\/ic_arrow_drop_down_24px.svg\"\n\t\t\t\t\t\t\t\tdata-frame_1=\"st:3300;sp:900;sR:3300;\"\n\t\t\t\t\t\t\t\tdata-frame_999=\"o:0;st:w;sR:4800;\"\n\t\t\t\t\t\t\t\tdata-loop_0=\"y:-10;\"\n\t\t\t\t\t\t\t\tdata-loop_999=\"sp:1200;e:easeInCirc;yym:t;yys:t;yyf:t;\"\n\t\t\t\t\t\t\t\tstyle=\"z-index:14;font-family:'Roboto';cursor:pointer;\"\n\t\t\t\t\t\t\t> \n\t\t\t\t\t\t\t<\/rs-layer><!--\n\n\t\t\t\t\t\t\t--><rs-layer\n\t\t\t\t\t\t\t\tid=\"slider-1-slide-1-layer-20\" \n\t\t\t\t\t\t\t\tclass=\"rs-svg\"\n\t\t\t\t\t\t\t\tdata-type=\"svg\"\n\t\t\t\t\t\t\t\tdata-rsp_ch=\"on\"\n\t\t\t\t\t\t\t\tdata-xy=\"x:c;y:m;yo:250px;\"\n\t\t\t\t\t\t\t\tdata-text=\"s:40;l:40;a:inherit;\"\n\t\t\t\t\t\t\t\tdata-dim=\"w:80px;h:80px;\"\n\t\t\t\t\t\t\t\tdata-actions='o:click;a:scrollbelow;offset:-72px;sp:500;e:none;'\n\t\t\t\t\t\t\t\tdata-svg_src=\"\/\/vshaidershofen.ac.at\/wp-content\/\/vsvestenthal.ac.at\/wp-content\/\/localhost\/MEDT_Abschlussarbeit\/wordpress\/wp-content\/plugins\/revslider\/public\/assets\/assets\/svg\/navigation\/ic_arrow_drop_down_24px.svg\"\n\t\t\t\t\t\t\t\tdata-frame_1=\"o:0.5;st:3400;sp:900;sR:3400;\"\n\t\t\t\t\t\t\t\tdata-frame_999=\"o:0;st:w;sR:4700;\"\n\t\t\t\t\t\t\t\tdata-loop_0=\"y:-10;\"\n\t\t\t\t\t\t\t\tdata-loop_999=\"sp:1200;e:easeInCirc;yym:t;yys:t;yyf:t;\"\n\t\t\t\t\t\t\t\tstyle=\"z-index:15;font-family:'Roboto';cursor:pointer;\"\n\t\t\t\t\t\t\t> \n\t\t\t\t\t\t\t<\/rs-layer><!--\n\n\t\t\t\t\t\t\t--><rs-layer\n\t\t\t\t\t\t\t\tid=\"slider-1-slide-1-layer-21\" \n\t\t\t\t\t\t\t\tclass=\"rs-svg\"\n\t\t\t\t\t\t\t\tdata-type=\"svg\"\n\t\t\t\t\t\t\t\tdata-rsp_ch=\"on\"\n\t\t\t\t\t\t\t\tdata-xy=\"x:c;y:m;yo:262px;\"\n\t\t\t\t\t\t\t\tdata-text=\"s:40;l:40;a:inherit;\"\n\t\t\t\t\t\t\t\tdata-dim=\"w:80px;h:80px;\"\n\t\t\t\t\t\t\t\tdata-actions='o:click;a:scrollbelow;offset:-72px;sp:500;e:none;'\n\t\t\t\t\t\t\t\tdata-svg_src=\"\/\/vshaidershofen.ac.at\/wp-content\/\/vsvestenthal.ac.at\/wp-content\/\/localhost\/MEDT_Abschlussarbeit\/wordpress\/wp-content\/plugins\/revslider\/public\/assets\/assets\/svg\/navigation\/ic_arrow_drop_down_24px.svg\"\n\t\t\t\t\t\t\t\tdata-frame_1=\"o:0.25;st:3500;sp:900;sR:3500;\"\n\t\t\t\t\t\t\t\tdata-frame_999=\"o:0;st:w;sR:4600;\"\n\t\t\t\t\t\t\t\tdata-loop_0=\"y:-10;\"\n\t\t\t\t\t\t\t\tdata-loop_999=\"sp:1200;e:easeInCirc;yym:t;yys:t;yyf:t;\"\n\t\t\t\t\t\t\t\tstyle=\"z-index:16;font-family:'Roboto';cursor:pointer;\"\n\t\t\t\t\t\t\t> \n\t\t\t\t\t\t\t<\/rs-layer><!--\n-->\t\t\t\t\t\t<\/rs-slide>\n\t\t\t\t\t<\/rs-slides>\n\t\t\t\t<\/rs-module>\n\t\t\t\t<script>\n\t\t\t\t\tsetREVStartSize({c: 'rev_slider_1_1',rl:[1240,1024,778,480],el:[750,750,778,850],gw:[1400,1200,778,700],gh:[750,750,778,850],type:'hero',justify:'',layout:'fullscreen',offsetContainer:'',offset:'',mh:\"0\"});if (window.RS_MODULES!==undefined && window.RS_MODULES.modules!==undefined && window.RS_MODULES.modules[\"revslider11\"]!==undefined) {window.RS_MODULES.modules[\"revslider11\"].once = false;window.revapi1 = undefined;if (window.RS_MODULES.checkMinimal!==undefined) window.RS_MODULES.checkMinimal()}\n\t\t\t\t<\/script>\n\t\t\t\t<script src=\"https:\/\/www.youtube.com\/iframe_api\"><\/script>\n\t\t\t<\/rs-module-wrap>\n\t\t\t<!-- END REVOLUTION SLIDER -->\n<\/div>\n\n\t\t\t\t<\/div>\n\t\t\t\t<\/div>\n\t\t\t\t\t<\/div>\n\t\t<\/div>\n\t\t\t\t\t\t\t<\/div>\n\t\t<\/section>\n\t\t\t\t<section class=\"elementor-section elementor-top-section elementor-element elementor-element-fbcfa4c elementor-section-boxed elementor-section-height-default elementor-section-height-default\" data-id=\"fbcfa4c\" data-element_type=\"section\">\n\t\t\t\t\t\t<div class=\"elementor-container elementor-column-gap-default\">\n\t\t\t\t\t<div class=\"elementor-column elementor-col-100 elementor-top-column elementor-element elementor-element-dcdeb83\" data-id=\"dcdeb83\" data-element_type=\"column\">\n\t\t\t<div class=\"elementor-widget-wrap elementor-element-populated\">\n\t\t\t\t\t\t\t\t<div class=\"elementor-element elementor-element-1b2b44e elementor-widget-divider--view-line elementor-widget elementor-widget-divider\" data-id=\"1b2b44e\" data-element_type=\"widget\" data-widget_type=\"divider.default\">\n\t\t\t\t<div class=\"elementor-widget-container\">\n\t\t\t\t\t<div class=\"elementor-divider\">\n\t\t\t<span class=\"elementor-divider-separator\">\n\t\t\t\t\t\t<\/span>\n\t\t<\/div>\n\t\t\t\t<\/div>\n\t\t\t\t<\/div>\n\t\t\t\t<div class=\"elementor-element elementor-element-8b1c2bb elementor-widget elementor-widget-spacer\" data-id=\"8b1c2bb\" data-element_type=\"widget\" data-widget_type=\"spacer.default\">\n\t\t\t\t<div class=\"elementor-widget-container\">\n\t\t\t\t\t<div class=\"elementor-spacer\">\n\t\t\t<div class=\"elementor-spacer-inner\"><\/div>\n\t\t<\/div>\n\t\t\t\t<\/div>\n\t\t\t\t<\/div>\n\t\t\t\t\t<\/div>\n\t\t<\/div>\n\t\t\t\t\t\t\t<\/div>\n\t\t<\/section>\n\t\t\t\t<section class=\"elementor-section elementor-top-section elementor-element elementor-element-3a62d35 elementor-section-boxed elementor-section-height-default elementor-section-height-default\" data-id=\"3a62d35\" data-element_type=\"section\">\n\t\t\t\t\t\t<div class=\"elementor-container elementor-column-gap-default\">\n\t\t\t\t\t<div class=\"elementor-column elementor-col-33 elementor-top-column elementor-element elementor-element-54e0d0c\" data-id=\"54e0d0c\" data-element_type=\"column\">\n\t\t\t<div class=\"elementor-widget-wrap elementor-element-populated\">\n\t\t\t\t\t\t\t\t<div class=\"elementor-element elementor-element-a2a0087 elementor-widget elementor-widget-text-editor\" data-id=\"a2a0087\" data-element_type=\"widget\" data-widget_type=\"text-editor.default\">\n\t\t\t\t<div class=\"elementor-widget-container\">\n\t\t\t\t\t\t\t<div id=\"sppb-addon-wrapper-502fb61b-a31c-4c2c-9007-1a843d72502d\" class=\"sppb-addon-wrapper addon-root-heading\"><p><img loading=\"lazy\" decoding=\"async\" class=\"alignnone size-medium wp-image-4124\" src=\"https:\/\/vshaidershofen.ac.at\/wp-content\/uploads\/2025\/12\/Yellow-Minimalist-Contact-Us-Instagram-Post-1080-x-540-px-300x150.png\" alt=\"\" width=\"300\" height=\"150\" srcset=\"https:\/\/vshaidershofen.ac.at\/wp-content\/uploads\/2025\/12\/Yellow-Minimalist-Contact-Us-Instagram-Post-1080-x-540-px-300x150.png 300w, https:\/\/vshaidershofen.ac.at\/wp-content\/uploads\/2025\/12\/Yellow-Minimalist-Contact-Us-Instagram-Post-1080-x-540-px-1024x512.png 1024w, https:\/\/vshaidershofen.ac.at\/wp-content\/uploads\/2025\/12\/Yellow-Minimalist-Contact-Us-Instagram-Post-1080-x-540-px-768x384.png 768w, https:\/\/vshaidershofen.ac.at\/wp-content\/uploads\/2025\/12\/Yellow-Minimalist-Contact-Us-Instagram-Post-1080-x-540-px.png 1080w\" sizes=\"auto, (max-width: 300px) 100vw, 300px\" \/><\/p><div id=\"sppb-addon-502fb61b-a31c-4c2c-9007-1a843d72502d\" class=\"clearfix \"><div class=\"sppb-addon sppb-addon-header\"><h3 class=\"sppb-addon-title\">Volksschule Haidershofen<\/h3><\/div><\/div><\/div><div id=\"sppb-addon-wrapper-5cac1423-d094-4f5b-b43e-4d4c19ee3be5\" class=\"sppb-addon-wrapper addon-root-text-block\"><div id=\"sppb-addon-5cac1423-d094-4f5b-b43e-4d4c19ee3be5\" class=\"clearfix \"><div class=\"sppb-addon sppb-addon-text-block sppb-text-center \"><div class=\"sppb-addon-content\"><p>Haidershofen 25<\/p><p>4431 Haidershofen<\/p><p>Tel.: 0677\/63773355<\/p><p>E-Mail: <a href=\"mailto:305161@noeschule.at\">305161@noeschule.at<\/a><\/p><\/div><\/div><\/div><\/div>\t\t\t\t\t\t<\/div>\n\t\t\t\t<\/div>\n\t\t\t\t\t<\/div>\n\t\t<\/div>\n\t\t\t\t<div class=\"elementor-column elementor-col-33 elementor-top-column elementor-element elementor-element-9bfadbb\" data-id=\"9bfadbb\" data-element_type=\"column\">\n\t\t\t<div class=\"elementor-widget-wrap elementor-element-populated\">\n\t\t\t\t\t\t\t\t<div class=\"elementor-element elementor-element-38ae3b7 elementor-widget elementor-widget-text-editor\" data-id=\"38ae3b7\" data-element_type=\"widget\" data-widget_type=\"text-editor.default\">\n\t\t\t\t<div class=\"elementor-widget-container\">\n\t\t\t\t\t\t\t<h3 style=\"text-align: center;\"><img loading=\"lazy\" decoding=\"async\" class=\"alignnone size-medium wp-image-4189\" src=\"https:\/\/vshaidershofen.ac.at\/wp-content\/uploads\/2026\/01\/Yellow-Minimalist-Contact-Us-Instagram-Post-1080-x-540-px2-300x150.png\" alt=\"\" width=\"300\" height=\"150\" srcset=\"https:\/\/vshaidershofen.ac.at\/wp-content\/uploads\/2026\/01\/Yellow-Minimalist-Contact-Us-Instagram-Post-1080-x-540-px2-300x150.png 300w, https:\/\/vshaidershofen.ac.at\/wp-content\/uploads\/2026\/01\/Yellow-Minimalist-Contact-Us-Instagram-Post-1080-x-540-px2-1024x512.png 1024w, https:\/\/vshaidershofen.ac.at\/wp-content\/uploads\/2026\/01\/Yellow-Minimalist-Contact-Us-Instagram-Post-1080-x-540-px2-768x384.png 768w, https:\/\/vshaidershofen.ac.at\/wp-content\/uploads\/2026\/01\/Yellow-Minimalist-Contact-Us-Instagram-Post-1080-x-540-px2.png 1080w\" sizes=\"auto, (max-width: 300px) 100vw, 300px\" \/><\/h3><h3 style=\"text-align: center;\">P\u00e4dagogisches Leitbild<\/h3><p style=\"text-align: center;\"><span style=\"color: #000000;\">St\u00e4rken sehen &#8211; Potenziale entfalten<\/span><\/p><p>\u00a0<\/p><p style=\"text-align: center;\"><span style=\"color: #000000;\"><a style=\"color: #000000;\" href=\"https:\/\/vshaidershofen.ac.at\/index.php\/leitbild\/\"><span style=\"text-decoration: underline;\">Mehr erfahren<\/span><\/a><\/span><\/p><h4 style=\"text-align: center;\">\u00a0<\/h4>\t\t\t\t\t\t<\/div>\n\t\t\t\t<\/div>\n\t\t\t\t\t<\/div>\n\t\t<\/div>\n\t\t\t\t<div class=\"elementor-column elementor-col-33 elementor-top-column elementor-element elementor-element-6b72c90\" data-id=\"6b72c90\" data-element_type=\"column\">\n\t\t\t<div class=\"elementor-widget-wrap elementor-element-populated\">\n\t\t\t\t\t\t\t\t<div class=\"elementor-element elementor-element-49b2f15 elementor-widget elementor-widget-text-editor\" data-id=\"49b2f15\" data-element_type=\"widget\" data-widget_type=\"text-editor.default\">\n\t\t\t\t<div class=\"elementor-widget-container\">\n\t\t\t\t\t\t\t<h3 style=\"text-align: center;\"><img loading=\"lazy\" decoding=\"async\" class=\"alignnone size-medium wp-image-4190\" src=\"https:\/\/vshaidershofen.ac.at\/wp-content\/uploads\/2026\/01\/Yellow-Minimalist-Contact-Us-Instagram-Post-1080-x-540-px1-300x150.png\" alt=\"\" width=\"300\" height=\"150\" srcset=\"https:\/\/vshaidershofen.ac.at\/wp-content\/uploads\/2026\/01\/Yellow-Minimalist-Contact-Us-Instagram-Post-1080-x-540-px1-300x150.png 300w, https:\/\/vshaidershofen.ac.at\/wp-content\/uploads\/2026\/01\/Yellow-Minimalist-Contact-Us-Instagram-Post-1080-x-540-px1-1024x512.png 1024w, https:\/\/vshaidershofen.ac.at\/wp-content\/uploads\/2026\/01\/Yellow-Minimalist-Contact-Us-Instagram-Post-1080-x-540-px1-768x384.png 768w, https:\/\/vshaidershofen.ac.at\/wp-content\/uploads\/2026\/01\/Yellow-Minimalist-Contact-Us-Instagram-Post-1080-x-540-px1.png 1080w\" sizes=\"auto, (max-width: 300px) 100vw, 300px\" \/><\/h3><h3 style=\"text-align: center;\">Schwerpunkte<\/h3><p>\u00a0 \u00a0Gemeinsam wachsen &#8211; individuell begleiten<\/p><p>\u00a0<\/p><p style=\"text-align: center;\"><span style=\"text-decoration: underline;\"><span style=\"color: #000000;\"><a style=\"color: #000000; text-decoration: underline;\" href=\"https:\/\/vshaidershofen.ac.at\/index.php\/schwerpunkte\/\">Mehr erfahren<\/a><\/span><\/span><\/p>\t\t\t\t\t\t<\/div>\n\t\t\t\t<\/div>\n\t\t\t\t\t<\/div>\n\t\t<\/div>\n\t\t\t\t\t\t\t<\/div>\n\t\t<\/section>\n\t\t\t\t<section class=\"elementor-section elementor-top-section elementor-element elementor-element-26e660a elementor-section-boxed elementor-section-height-default elementor-section-height-default\" data-id=\"26e660a\" data-element_type=\"section\">\n\t\t\t\t\t\t<div class=\"elementor-container elementor-column-gap-default\">\n\t\t\t\t\t<div class=\"elementor-column elementor-col-100 elementor-top-column elementor-element elementor-element-b997f65\" data-id=\"b997f65\" data-element_type=\"column\">\n\t\t\t<div class=\"elementor-widget-wrap elementor-element-populated\">\n\t\t\t\t\t\t\t\t<div class=\"elementor-element elementor-element-5d64cf1 elementor-widget-divider--view-line elementor-widget elementor-widget-divider\" data-id=\"5d64cf1\" data-element_type=\"widget\" data-widget_type=\"divider.default\">\n\t\t\t\t<div class=\"elementor-widget-container\">\n\t\t\t\t\t<div class=\"elementor-divider\">\n\t\t\t<span class=\"elementor-divider-separator\">\n\t\t\t\t\t\t<\/span>\n\t\t<\/div>\n\t\t\t\t<\/div>\n\t\t\t\t<\/div>\n\t\t\t\t<div class=\"elementor-element elementor-element-47ad3f0 elementor-widget elementor-widget-spacer\" data-id=\"47ad3f0\" data-element_type=\"widget\" data-widget_type=\"spacer.default\">\n\t\t\t\t<div class=\"elementor-widget-container\">\n\t\t\t\t\t<div class=\"elementor-spacer\">\n\t\t\t<div class=\"elementor-spacer-inner\"><\/div>\n\t\t<\/div>\n\t\t\t\t<\/div>\n\t\t\t\t<\/div>\n\t\t\t\t<div class=\"elementor-element elementor-element-f16529c elementor-widget elementor-widget-heading\" data-id=\"f16529c\" data-element_type=\"widget\" data-widget_type=\"heading.default\">\n\t\t\t\t<div class=\"elementor-widget-container\">\n\t\t\t<h1 class=\"elementor-heading-title elementor-size-default\">Aktuelle Events:<\/h1>\t\t<\/div>\n\t\t\t\t<\/div>\n\t\t\t\t<div class=\"elementor-element elementor-element-656f6f3 elementor-widget elementor-widget-spacer\" data-id=\"656f6f3\" data-element_type=\"widget\" data-widget_type=\"spacer.default\">\n\t\t\t\t<div class=\"elementor-widget-container\">\n\t\t\t\t\t<div class=\"elementor-spacer\">\n\t\t\t<div class=\"elementor-spacer-inner\"><\/div>\n\t\t<\/div>\n\t\t\t\t<\/div>\n\t\t\t\t<\/div>\n\t\t\t\t<div class=\"elementor-element elementor-element-252eb93 elementor-posts--align-left elementor-grid-3 elementor-grid-tablet-2 elementor-grid-mobile-1 elementor-posts--thumbnail-top elementor-card-shadow-yes elementor-posts__hover-gradient elementor-widget elementor-widget-posts\" data-id=\"252eb93\" data-element_type=\"widget\" data-settings=\"{&quot;cards_row_gap&quot;:{&quot;unit&quot;:&quot;px&quot;,&quot;size&quot;:70,&quot;sizes&quot;:[]},&quot;cards_columns&quot;:&quot;3&quot;,&quot;cards_columns_tablet&quot;:&quot;2&quot;,&quot;cards_columns_mobile&quot;:&quot;1&quot;,&quot;cards_row_gap_tablet&quot;:{&quot;unit&quot;:&quot;px&quot;,&quot;size&quot;:&quot;&quot;,&quot;sizes&quot;:[]},&quot;cards_row_gap_mobile&quot;:{&quot;unit&quot;:&quot;px&quot;,&quot;size&quot;:&quot;&quot;,&quot;sizes&quot;:[]}}\" data-widget_type=\"posts.cards\">\n\t\t\t\t<div class=\"elementor-widget-container\">\n\t\t\t\t\t<div class=\"elementor-posts-container elementor-posts elementor-posts--skin-cards elementor-grid\">\n\t\t\t\t<article class=\"elementor-post elementor-grid-item post-4531 post type-post status-publish format-standard hentry category-schuljahr-2025-26\">\n\t\t\t<div class=\"elementor-post__card\">\n\t\t\t\t<div class=\"elementor-post__text\">\n\t\t\t\t<h3 class=\"elementor-post__title\">\n\t\t\t<a href=\"https:\/\/vshaidershofen.ac.at\/index.php\/2026\/04\/24\/laufen-gegen-krebs-schulchallenge-2\/\" >\n\t\t\t\tLaufen gegen Krebs &#8211; Schulchallenge\t\t\t<\/a>\n\t\t<\/h3>\n\t\t\t\t<div class=\"elementor-post__excerpt\">\n\t\t\t<p>Die Kinder der Volksschule Haidershofen nahmen an der Schulchallenge im Rahmen des Laufs gegen Krebs teil. Am Sportplatz versammelt setzte man gemeinsam ein Zeichen f\u00fcr Bewegung und Solidarit\u00e4t. Die Sch\u00fclerinnen<\/p>\n\t\t<\/div>\n\t\t\t\t\t<div class=\"elementor-post__read-more-wrapper\">\n\t\t\n\t\t<a class=\"elementor-post__read-more\" href=\"https:\/\/vshaidershofen.ac.at\/index.php\/2026\/04\/24\/laufen-gegen-krebs-schulchallenge-2\/\" >\n\t\t\tMehr lesen \u00bb\t\t<\/a>\n\n\t\t\t\t\t<\/div>\n\t\t\t\t<\/div>\n\t\t\t\t\t<\/div>\n\t\t<\/article>\n\t\t\t\t<article class=\"elementor-post elementor-grid-item post-4603 post type-post status-publish format-standard hentry category-schuljahr-2025-26\">\n\t\t\t<div class=\"elementor-post__card\">\n\t\t\t\t<div class=\"elementor-post__text\">\n\t\t\t\t<h3 class=\"elementor-post__title\">\n\t\t\t<a href=\"https:\/\/vshaidershofen.ac.at\/index.php\/2026\/04\/23\/schulversammlung\/\" >\n\t\t\t\tSchulversammlung\t\t\t<\/a>\n\t\t<\/h3>\n\t\t\t\t<div class=\"elementor-post__excerpt\">\n\t\t\t<p>Unsere Schulversammlung im Zeichen des Fr\u00fchlings war ein sch\u00f6nes gemeinsames Erlebnis f\u00fcr die ganze Schule. Die Kinder begeisterten mit fr\u00f6hlichen Fr\u00fchlingsliedern, T\u00e4nzen und Gedichten. Ein gelungenes Miteinander, das unser Gemeinschaftsgef\u00fchl<\/p>\n\t\t<\/div>\n\t\t\t\t\t<div class=\"elementor-post__read-more-wrapper\">\n\t\t\n\t\t<a class=\"elementor-post__read-more\" href=\"https:\/\/vshaidershofen.ac.at\/index.php\/2026\/04\/23\/schulversammlung\/\" >\n\t\t\tMehr lesen \u00bb\t\t<\/a>\n\n\t\t\t\t\t<\/div>\n\t\t\t\t<\/div>\n\t\t\t\t\t<\/div>\n\t\t<\/article>\n\t\t\t\t<article class=\"elementor-post elementor-grid-item post-4583 post type-post status-publish format-standard hentry category-schuljahr-2025-26\">\n\t\t\t<div class=\"elementor-post__card\">\n\t\t\t\t<div class=\"elementor-post__text\">\n\t\t\t\t<h3 class=\"elementor-post__title\">\n\t\t\t<a href=\"https:\/\/vshaidershofen.ac.at\/index.php\/2026\/04\/23\/zu-gast-in-der-musikschule\/\" >\n\t\t\t\tZu Gast in der Musikschule\t\t\t<\/a>\n\t\t<\/h3>\n\t\t\t\t<div class=\"elementor-post__excerpt\">\n\t\t\t<p>Die 1. Klassen der Volksschule besuchten die Musikschule und tauchten spielerisch in die Welt der Musik ein. Sie probierten verschiedene Instrumente aus, sangen gemeinsam und lernten Spannendes \u00fcber deren Kl\u00e4nge.<\/p>\n\t\t<\/div>\n\t\t\t\t\t<div class=\"elementor-post__read-more-wrapper\">\n\t\t\n\t\t<a class=\"elementor-post__read-more\" href=\"https:\/\/vshaidershofen.ac.at\/index.php\/2026\/04\/23\/zu-gast-in-der-musikschule\/\" >\n\t\t\tMehr lesen \u00bb\t\t<\/a>\n\n\t\t\t\t\t<\/div>\n\t\t\t\t<\/div>\n\t\t\t\t\t<\/div>\n\t\t<\/article>\n\t\t\t\t<\/div>\n\t\t\n\t\t\t\t<\/div>\n\t\t\t\t<\/div>\n\t\t\t\t\t<\/div>\n\t\t<\/div>\n\t\t\t\t\t\t\t<\/div>\n\t\t<\/section>\n\t\t\t\t<section class=\"elementor-section elementor-top-section elementor-element elementor-element-ec319a9 elementor-section-boxed elementor-section-height-default elementor-section-height-default\" data-id=\"ec319a9\" data-element_type=\"section\">\n\t\t\t\t\t\t<div class=\"elementor-container elementor-column-gap-default\">\n\t\t\t\t\t<div class=\"elementor-column elementor-col-100 elementor-top-column elementor-element elementor-element-7aea65c\" data-id=\"7aea65c\" data-element_type=\"column\">\n\t\t\t<div class=\"elementor-widget-wrap elementor-element-populated\">\n\t\t\t\t\t\t\t\t<div class=\"elementor-element elementor-element-b6795cb elementor-widget elementor-widget-spacer\" data-id=\"b6795cb\" data-element_type=\"widget\" data-widget_type=\"spacer.default\">\n\t\t\t\t<div class=\"elementor-widget-container\">\n\t\t\t\t\t<div class=\"elementor-spacer\">\n\t\t\t<div class=\"elementor-spacer-inner\"><\/div>\n\t\t<\/div>\n\t\t\t\t<\/div>\n\t\t\t\t<\/div>\n\t\t\t\t\t<\/div>\n\t\t<\/div>\n\t\t\t\t\t\t\t<\/div>\n\t\t<\/section>\n\t\t\t\t\t\t\t<\/div>\n\t\t","protected":false},"excerpt":{"rendered":"<p>Volksschule Haidershofen Haidershofen 25 4431 Haidershofen Tel.: 0677\/63773355 E-Mail: 305161@noeschule.at P\u00e4dagogisches Leitbild St\u00e4rken sehen &#8211; Potenziale entfalten \u00a0 Mehr erfahren \u00a0 Schwerpunkte \u00a0 \u00a0Gemeinsam wachsen &#8211; individuell begleiten \u00a0 Mehr&hellip;<\/p>\n","protected":false},"author":1,"featured_media":0,"parent":0,"menu_order":0,"comment_status":"closed","ping_status":"closed","template":"","meta":{"_themeisle_gutenberg_block_has_review":false,"footnotes":""},"class_list":["post-23","page","type-page","status-publish","hentry"],"_links":{"self":[{"href":"https:\/\/vshaidershofen.ac.at\/index.php\/wp-json\/wp\/v2\/pages\/23","targetHints":{"allow":["GET"]}}],"collection":[{"href":"https:\/\/vshaidershofen.ac.at\/index.php\/wp-json\/wp\/v2\/pages"}],"about":[{"href":"https:\/\/vshaidershofen.ac.at\/index.php\/wp-json\/wp\/v2\/types\/page"}],"author":[{"embeddable":true,"href":"https:\/\/vshaidershofen.ac.at\/index.php\/wp-json\/wp\/v2\/users\/1"}],"replies":[{"embeddable":true,"href":"https:\/\/vshaidershofen.ac.at\/index.php\/wp-json\/wp\/v2\/comments?post=23"}],"version-history":[{"count":155,"href":"https:\/\/vshaidershofen.ac.at\/index.php\/wp-json\/wp\/v2\/pages\/23\/revisions"}],"predecessor-version":[{"id":4312,"href":"https:\/\/vshaidershofen.ac.at\/index.php\/wp-json\/wp\/v2\/pages\/23\/revisions\/4312"}],"wp:attachment":[{"href":"https:\/\/vshaidershofen.ac.at\/index.php\/wp-json\/wp\/v2\/media?parent=23"}],"curies":[{"name":"wp","href":"https:\/\/api.w.org\/{rel}","templated":true}]}}