{"id":235,"date":"2023-03-18T13:04:35","date_gmt":"2023-03-18T12:04:35","guid":{"rendered":"https:\/\/vshaidershofen.ac.at\/?page_id=235"},"modified":"2026-01-06T22:08:00","modified_gmt":"2026-01-06T21:08:00","slug":"steckbrief-edeltraude","status":"publish","type":"page","link":"https:\/\/vshaidershofen.ac.at\/index.php\/steckbrief-edeltraude\/","title":{"rendered":"Steckbrief Edeltraude"},"content":{"rendered":"\t\t<div data-elementor-type=\"wp-page\" data-elementor-id=\"235\" class=\"elementor elementor-235\">\n\t\t\t\t\t\t\t\t\t<section class=\"elementor-section elementor-top-section elementor-element elementor-element-4354d5b elementor-section-boxed elementor-section-height-default elementor-section-height-default\" data-id=\"4354d5b\" data-element_type=\"section\">\n\t\t\t\t\t\t<div class=\"elementor-container elementor-column-gap-default\">\n\t\t\t\t\t<div class=\"elementor-column elementor-col-100 elementor-top-column elementor-element elementor-element-2b20b68\" data-id=\"2b20b68\" data-element_type=\"column\">\n\t\t\t<div class=\"elementor-widget-wrap elementor-element-populated\">\n\t\t\t\t\t\t\t\t<div class=\"elementor-element elementor-element-1e0e6b9 elementor-widget elementor-widget-spacer\" data-id=\"1e0e6b9\" data-element_type=\"widget\" data-widget_type=\"spacer.default\">\n\t\t\t\t<div class=\"elementor-widget-container\">\n\t\t\t\t\t<div class=\"elementor-spacer\">\n\t\t\t<div class=\"elementor-spacer-inner\"><\/div>\n\t\t<\/div>\n\t\t\t\t<\/div>\n\t\t\t\t<\/div>\n\t\t\t\t<div class=\"elementor-element elementor-element-fe9453e elementor-widget elementor-widget-heading\" data-id=\"fe9453e\" data-element_type=\"widget\" data-widget_type=\"heading.default\">\n\t\t\t\t<div class=\"elementor-widget-container\">\n\t\t\t<h2 class=\"elementor-heading-title elementor-size-default\">Edeltraude Bischofberger<\/h2>\t\t<\/div>\n\t\t\t\t<\/div>\n\t\t\t\t<section class=\"elementor-section elementor-inner-section elementor-element elementor-element-a8df708 elementor-section-boxed elementor-section-height-default elementor-section-height-default\" data-id=\"a8df708\" data-element_type=\"section\">\n\t\t\t\t\t\t<div class=\"elementor-container elementor-column-gap-default\">\n\t\t\t\t\t<div class=\"elementor-column elementor-col-50 elementor-inner-column elementor-element elementor-element-30c2703\" data-id=\"30c2703\" data-element_type=\"column\">\n\t\t\t<div class=\"elementor-widget-wrap elementor-element-populated\">\n\t\t\t\t\t\t\t\t<div class=\"elementor-element elementor-element-628c283 elementor-widget elementor-widget-image\" data-id=\"628c283\" data-element_type=\"widget\" data-widget_type=\"image.default\">\n\t\t\t\t<div class=\"elementor-widget-container\">\n\t\t\t\t\t\t\t\t\t\t\t\t\t\t\t<img loading=\"lazy\" decoding=\"async\" width=\"731\" height=\"1024\" src=\"https:\/\/vshaidershofen.ac.at\/wp-content\/uploads\/2025\/10\/Z723797-731x1024.jpg\" class=\"attachment-large size-large wp-image-3852\" alt=\"\" srcset=\"https:\/\/vshaidershofen.ac.at\/wp-content\/uploads\/2025\/10\/Z723797-731x1024.jpg 731w, https:\/\/vshaidershofen.ac.at\/wp-content\/uploads\/2025\/10\/Z723797-214x300.jpg 214w, https:\/\/vshaidershofen.ac.at\/wp-content\/uploads\/2025\/10\/Z723797-768x1076.jpg 768w, https:\/\/vshaidershofen.ac.at\/wp-content\/uploads\/2025\/10\/Z723797-1096x1536.jpg 1096w, https:\/\/vshaidershofen.ac.at\/wp-content\/uploads\/2025\/10\/Z723797-1461x2048.jpg 1461w, https:\/\/vshaidershofen.ac.at\/wp-content\/uploads\/2025\/10\/Z723797.jpg 1500w\" sizes=\"auto, (max-width: 731px) 100vw, 731px\" \/>\t\t\t\t\t\t\t\t\t\t\t\t\t\t\t<\/div>\n\t\t\t\t<\/div>\n\t\t\t\t\t<\/div>\n\t\t<\/div>\n\t\t\t\t<div class=\"elementor-column elementor-col-50 elementor-inner-column elementor-element elementor-element-7328304\" data-id=\"7328304\" data-element_type=\"column\">\n\t\t\t<div class=\"elementor-widget-wrap elementor-element-populated\">\n\t\t\t\t\t\t\t\t<div class=\"elementor-element elementor-element-68a349d elementor-widget elementor-widget-text-editor\" data-id=\"68a349d\" data-element_type=\"widget\" data-widget_type=\"text-editor.default\">\n\t\t\t\t<div class=\"elementor-widget-container\">\n\t\t\t\t\t\t\t<p><span style=\"text-decoration: underline;\">Mein Name: Edeltraude Bischofberger<\/span><\/p><p>\u00a0<\/p><p>Welche Klasse bzw. F\u00e4cher unterrichte ich: Klassenlehrerin der 1a<\/p><p>\u00a0<\/p><p>Was macht mir besonders Spa\u00df an meiner Arbeit:<\/p><ul><li style=\"list-style-type: none;\"><ul><li>Gemeinsam mit den Kindern Neues zu lernen<\/li><li>Flexibel und spontan sein zu k\u00f6nnen<\/li><li>Die Kinder in ihrer pers\u00f6nlichen Entwicklung zu begleiten, zu unterst\u00fctzen und zu f\u00f6rdern<\/li><\/ul><\/li><\/ul><p>\u00a0<\/p><p>Was mache ich gerne in meiner Freizeit:\u00a0<\/p><ul><li style=\"list-style-type: none;\"><ul><li>Zeit mit meiner Familie verbringen<\/li><li>Bewegung an der frischen Luft<\/li><li>Ein gutes Buch lesen<\/li><li>Mit Freunden ins Kino gehen<\/li><li>Urlaub am Meer<\/li><\/ul><\/li><\/ul><p><img loading=\"lazy\" decoding=\"async\" class=\"size-medium wp-image-4169 alignright\" src=\"https:\/\/vshaidershofen.ac.at\/wp-content\/uploads\/2025\/12\/Kopie-von-Bunt-Verspielt-SchuleBildung-Landschaft-Bi-Falz-Broschuere-A51-e1767732199160-300x55.png\" alt=\"\" width=\"300\" height=\"55\" srcset=\"https:\/\/vshaidershofen.ac.at\/wp-content\/uploads\/2025\/12\/Kopie-von-Bunt-Verspielt-SchuleBildung-Landschaft-Bi-Falz-Broschuere-A51-e1767732199160-300x55.png 300w, https:\/\/vshaidershofen.ac.at\/wp-content\/uploads\/2025\/12\/Kopie-von-Bunt-Verspielt-SchuleBildung-Landschaft-Bi-Falz-Broschuere-A51-e1767732199160.png 548w\" sizes=\"auto, (max-width: 300px) 100vw, 300px\" \/><\/p><ul><li style=\"list-style-type: none;\">\u00a0<\/li><\/ul>\t\t\t\t\t\t<\/div>\n\t\t\t\t<\/div>\n\t\t\t\t\t<\/div>\n\t\t<\/div>\n\t\t\t\t\t\t\t<\/div>\n\t\t<\/section>\n\t\t\t\t<div class=\"elementor-element elementor-element-f2e4821 elementor-widget elementor-widget-spacer\" data-id=\"f2e4821\" data-element_type=\"widget\" data-widget_type=\"spacer.default\">\n\t\t\t\t<div class=\"elementor-widget-container\">\n\t\t\t\t\t<div class=\"elementor-spacer\">\n\t\t\t<div class=\"elementor-spacer-inner\"><\/div>\n\t\t<\/div>\n\t\t\t\t<\/div>\n\t\t\t\t<\/div>\n\t\t\t\t\t<\/div>\n\t\t<\/div>\n\t\t\t\t\t\t\t<\/div>\n\t\t<\/section>\n\t\t\t\t\t\t\t<\/div>\n\t\t","protected":false},"excerpt":{"rendered":"<p>Edeltraude Bischofberger Mein Name: Edeltraude Bischofberger \u00a0 Welche Klasse bzw. F\u00e4cher unterrichte ich: Klassenlehrerin der 1a \u00a0 Was macht mir besonders Spa\u00df an meiner Arbeit: Gemeinsam mit den Kindern Neues&hellip;<\/p>\n","protected":false},"author":1,"featured_media":0,"parent":0,"menu_order":0,"comment_status":"closed","ping_status":"closed","template":"","meta":{"_themeisle_gutenberg_block_has_review":false,"footnotes":""},"class_list":["post-235","page","type-page","status-publish","hentry"],"_links":{"self":[{"href":"https:\/\/vshaidershofen.ac.at\/index.php\/wp-json\/wp\/v2\/pages\/235","targetHints":{"allow":["GET"]}}],"collection":[{"href":"https:\/\/vshaidershofen.ac.at\/index.php\/wp-json\/wp\/v2\/pages"}],"about":[{"href":"https:\/\/vshaidershofen.ac.at\/index.php\/wp-json\/wp\/v2\/types\/page"}],"author":[{"embeddable":true,"href":"https:\/\/vshaidershofen.ac.at\/index.php\/wp-json\/wp\/v2\/users\/1"}],"replies":[{"embeddable":true,"href":"https:\/\/vshaidershofen.ac.at\/index.php\/wp-json\/wp\/v2\/comments?post=235"}],"version-history":[{"count":37,"href":"https:\/\/vshaidershofen.ac.at\/index.php\/wp-json\/wp\/v2\/pages\/235\/revisions"}],"predecessor-version":[{"id":4214,"href":"https:\/\/vshaidershofen.ac.at\/index.php\/wp-json\/wp\/v2\/pages\/235\/revisions\/4214"}],"wp:attachment":[{"href":"https:\/\/vshaidershofen.ac.at\/index.php\/wp-json\/wp\/v2\/media?parent=235"}],"curies":[{"name":"wp","href":"https:\/\/api.w.org\/{rel}","templated":true}]}}