{"id":2661,"date":"2025-02-28T11:10:24","date_gmt":"2025-02-28T10:10:24","guid":{"rendered":"https:\/\/vshaidershofen.ac.at\/?page_id=2661"},"modified":"2026-01-07T20:59:58","modified_gmt":"2026-01-07T19:59:58","slug":"gesundheit","status":"publish","type":"page","link":"https:\/\/vshaidershofen.ac.at\/index.php\/gesundheit\/","title":{"rendered":"Gesundheit"},"content":{"rendered":"\t\t<div data-elementor-type=\"wp-page\" data-elementor-id=\"2661\" class=\"elementor elementor-2661\">\n\t\t\t\t\t\t\t\t\t<section class=\"elementor-section elementor-top-section elementor-element elementor-element-174a17a elementor-section-boxed elementor-section-height-default elementor-section-height-default\" data-id=\"174a17a\" data-element_type=\"section\">\n\t\t\t\t\t\t<div class=\"elementor-container elementor-column-gap-default\">\n\t\t\t\t\t<div class=\"elementor-column elementor-col-100 elementor-top-column elementor-element elementor-element-738e020\" data-id=\"738e020\" data-element_type=\"column\">\n\t\t\t<div class=\"elementor-widget-wrap elementor-element-populated\">\n\t\t\t\t\t\t\t\t<div class=\"elementor-element elementor-element-39ae088 elementor-widget elementor-widget-spacer\" data-id=\"39ae088\" data-element_type=\"widget\" data-widget_type=\"spacer.default\">\n\t\t\t\t<div class=\"elementor-widget-container\">\n\t\t\t\t\t<div class=\"elementor-spacer\">\n\t\t\t<div class=\"elementor-spacer-inner\"><\/div>\n\t\t<\/div>\n\t\t\t\t<\/div>\n\t\t\t\t<\/div>\n\t\t\t\t\t<\/div>\n\t\t<\/div>\n\t\t\t\t\t\t\t<\/div>\n\t\t<\/section>\n\t\t\t\t<section class=\"elementor-section elementor-top-section elementor-element elementor-element-7fd15db elementor-section-boxed elementor-section-height-default elementor-section-height-default\" data-id=\"7fd15db\" data-element_type=\"section\">\n\t\t\t\t\t\t<div class=\"elementor-container elementor-column-gap-default\">\n\t\t\t\t\t<div class=\"elementor-column elementor-col-100 elementor-top-column elementor-element elementor-element-47008d8\" data-id=\"47008d8\" data-element_type=\"column\">\n\t\t\t<div class=\"elementor-widget-wrap elementor-element-populated\">\n\t\t\t\t\t\t\t\t<div class=\"elementor-element elementor-element-7950f02 elementor-widget elementor-widget-text-editor\" data-id=\"7950f02\" data-element_type=\"widget\" data-widget_type=\"text-editor.default\">\n\t\t\t\t<div class=\"elementor-widget-container\">\n\t\t\t\t\t\t\t<h1 style=\"text-align: center;\"><span style=\"text-decoration: underline; color: #99cc00;\">Gesundheit<\/span><\/h1>\t\t\t\t\t\t<\/div>\n\t\t\t\t<\/div>\n\t\t\t\t\t<\/div>\n\t\t<\/div>\n\t\t\t\t\t\t\t<\/div>\n\t\t<\/section>\n\t\t\t\t<section class=\"elementor-section elementor-top-section elementor-element elementor-element-fbbfa6a elementor-section-boxed elementor-section-height-default elementor-section-height-default\" data-id=\"fbbfa6a\" data-element_type=\"section\">\n\t\t\t\t\t\t<div class=\"elementor-container elementor-column-gap-default\">\n\t\t\t\t\t<div class=\"elementor-column elementor-col-100 elementor-top-column elementor-element elementor-element-caf9b43\" data-id=\"caf9b43\" data-element_type=\"column\">\n\t\t\t<div class=\"elementor-widget-wrap elementor-element-populated\">\n\t\t\t\t\t\t\t\t<div class=\"elementor-element elementor-element-5f776fa elementor-widget elementor-widget-text-editor\" data-id=\"5f776fa\" data-element_type=\"widget\" data-widget_type=\"text-editor.default\">\n\t\t\t\t<div class=\"elementor-widget-container\">\n\t\t\t\t\t\t\t<h2 style=\"text-align: center;\"><span style=\"color: #99cc00;\">Apollonia<\/span><\/h2>\t\t\t\t\t\t<\/div>\n\t\t\t\t<\/div>\n\t\t\t\t<div class=\"elementor-element elementor-element-933c830 elementor-widget elementor-widget-text-editor\" data-id=\"933c830\" data-element_type=\"widget\" data-widget_type=\"text-editor.default\">\n\t\t\t\t<div class=\"elementor-widget-container\">\n\t\t\t\t\t\t\t<p>Die Zahngesundheitserzieher- und erzieherinnen k\u00fcmmern sich mit dem Projekt &#8222;Apollonia N\u00d6&#8220; um die Zahngesundheit der Kinder.<\/p><p>Sie besuchen mindestens 2x pro Schuljahr die Volksschule und haben als Ziel, die Bedeutung der richtigen Mundhygiene zu vermitteln, das t\u00e4gliche Z\u00e4hneputzen zu automatisieren und ein positives Zahnbewusstsein zu entwickeln.<\/p>\t\t\t\t\t\t<\/div>\n\t\t\t\t<\/div>\n\t\t\t\t<section class=\"elementor-section elementor-inner-section elementor-element elementor-element-96719aa elementor-section-boxed elementor-section-height-default elementor-section-height-default\" data-id=\"96719aa\" data-element_type=\"section\">\n\t\t\t\t\t\t<div class=\"elementor-container elementor-column-gap-default\">\n\t\t\t\t\t<div class=\"elementor-column elementor-col-50 elementor-inner-column elementor-element elementor-element-f04d6b8\" data-id=\"f04d6b8\" data-element_type=\"column\">\n\t\t\t<div class=\"elementor-widget-wrap elementor-element-populated\">\n\t\t\t\t\t\t\t\t<div class=\"elementor-element elementor-element-c4d76ee elementor-widget elementor-widget-image\" data-id=\"c4d76ee\" data-element_type=\"widget\" data-widget_type=\"image.default\">\n\t\t\t\t<div class=\"elementor-widget-container\">\n\t\t\t\t\t\t\t\t\t\t\t\t\t\t\t<img loading=\"lazy\" decoding=\"async\" width=\"2048\" height=\"1536\" src=\"https:\/\/vshaidershofen.ac.at\/wp-content\/uploads\/2025\/01\/IMG-20240918-WA0014-min.jpg\" class=\"attachment-full size-full wp-image-2671\" alt=\"\" srcset=\"https:\/\/vshaidershofen.ac.at\/wp-content\/uploads\/2025\/01\/IMG-20240918-WA0014-min.jpg 2048w, https:\/\/vshaidershofen.ac.at\/wp-content\/uploads\/2025\/01\/IMG-20240918-WA0014-min-300x225.jpg 300w, https:\/\/vshaidershofen.ac.at\/wp-content\/uploads\/2025\/01\/IMG-20240918-WA0014-min-1024x768.jpg 1024w, https:\/\/vshaidershofen.ac.at\/wp-content\/uploads\/2025\/01\/IMG-20240918-WA0014-min-768x576.jpg 768w, https:\/\/vshaidershofen.ac.at\/wp-content\/uploads\/2025\/01\/IMG-20240918-WA0014-min-1536x1152.jpg 1536w\" sizes=\"auto, (max-width: 2048px) 100vw, 2048px\" \/>\t\t\t\t\t\t\t\t\t\t\t\t\t\t\t<\/div>\n\t\t\t\t<\/div>\n\t\t\t\t\t<\/div>\n\t\t<\/div>\n\t\t\t\t<div class=\"elementor-column elementor-col-50 elementor-inner-column elementor-element elementor-element-f25aadc\" data-id=\"f25aadc\" data-element_type=\"column\">\n\t\t\t<div class=\"elementor-widget-wrap elementor-element-populated\">\n\t\t\t\t\t\t\t\t<div class=\"elementor-element elementor-element-897df80 elementor-widget elementor-widget-image\" data-id=\"897df80\" data-element_type=\"widget\" data-widget_type=\"image.default\">\n\t\t\t\t<div class=\"elementor-widget-container\">\n\t\t\t\t\t\t\t\t\t\t\t\t\t\t\t<img loading=\"lazy\" decoding=\"async\" width=\"1024\" height=\"768\" src=\"https:\/\/vshaidershofen.ac.at\/wp-content\/uploads\/2025\/01\/IMG-20240318-WA0007-1024x768.jpg\" class=\"attachment-large size-large wp-image-2672\" alt=\"\" srcset=\"https:\/\/vshaidershofen.ac.at\/wp-content\/uploads\/2025\/01\/IMG-20240318-WA0007-1024x768.jpg 1024w, https:\/\/vshaidershofen.ac.at\/wp-content\/uploads\/2025\/01\/IMG-20240318-WA0007-300x225.jpg 300w, https:\/\/vshaidershofen.ac.at\/wp-content\/uploads\/2025\/01\/IMG-20240318-WA0007-768x576.jpg 768w, https:\/\/vshaidershofen.ac.at\/wp-content\/uploads\/2025\/01\/IMG-20240318-WA0007-1536x1152.jpg 1536w, https:\/\/vshaidershofen.ac.at\/wp-content\/uploads\/2025\/01\/IMG-20240318-WA0007.jpg 1600w\" sizes=\"auto, (max-width: 1024px) 100vw, 1024px\" \/>\t\t\t\t\t\t\t\t\t\t\t\t\t\t\t<\/div>\n\t\t\t\t<\/div>\n\t\t\t\t\t<\/div>\n\t\t<\/div>\n\t\t\t\t\t\t\t<\/div>\n\t\t<\/section>\n\t\t\t\t<div class=\"elementor-element elementor-element-1deac7e elementor-widget-divider--view-line elementor-widget elementor-widget-divider\" data-id=\"1deac7e\" data-element_type=\"widget\" data-widget_type=\"divider.default\">\n\t\t\t\t<div class=\"elementor-widget-container\">\n\t\t\t\t\t<div class=\"elementor-divider\">\n\t\t\t<span class=\"elementor-divider-separator\">\n\t\t\t\t\t\t<\/span>\n\t\t<\/div>\n\t\t\t\t<\/div>\n\t\t\t\t<\/div>\n\t\t\t\t\t<\/div>\n\t\t<\/div>\n\t\t\t\t\t\t\t<\/div>\n\t\t<\/section>\n\t\t\t\t<section class=\"elementor-section elementor-top-section elementor-element elementor-element-4235fb9 elementor-section-boxed elementor-section-height-default elementor-section-height-default\" data-id=\"4235fb9\" data-element_type=\"section\">\n\t\t\t\t\t\t<div class=\"elementor-container elementor-column-gap-default\">\n\t\t\t\t\t<div class=\"elementor-column elementor-col-100 elementor-top-column elementor-element elementor-element-79ff956\" data-id=\"79ff956\" data-element_type=\"column\">\n\t\t\t<div class=\"elementor-widget-wrap elementor-element-populated\">\n\t\t\t\t\t\t\t\t<div class=\"elementor-element elementor-element-5a99378 elementor-widget elementor-widget-spacer\" data-id=\"5a99378\" data-element_type=\"widget\" data-widget_type=\"spacer.default\">\n\t\t\t\t<div class=\"elementor-widget-container\">\n\t\t\t\t\t<div class=\"elementor-spacer\">\n\t\t\t<div class=\"elementor-spacer-inner\"><\/div>\n\t\t<\/div>\n\t\t\t\t<\/div>\n\t\t\t\t<\/div>\n\t\t\t\t\t<\/div>\n\t\t<\/div>\n\t\t\t\t\t\t\t<\/div>\n\t\t<\/section>\n\t\t\t\t<section class=\"elementor-section elementor-top-section elementor-element elementor-element-9b083e9 elementor-section-boxed elementor-section-height-default elementor-section-height-default\" data-id=\"9b083e9\" data-element_type=\"section\">\n\t\t\t\t\t\t<div class=\"elementor-container elementor-column-gap-default\">\n\t\t\t\t\t<div class=\"elementor-column elementor-col-100 elementor-top-column elementor-element elementor-element-bb6ddf1\" data-id=\"bb6ddf1\" data-element_type=\"column\">\n\t\t\t<div class=\"elementor-widget-wrap elementor-element-populated\">\n\t\t\t\t\t\t\t\t<div class=\"elementor-element elementor-element-857b580 elementor-widget elementor-widget-text-editor\" data-id=\"857b580\" data-element_type=\"widget\" data-widget_type=\"text-editor.default\">\n\t\t\t\t<div class=\"elementor-widget-container\">\n\t\t\t\t\t\t\t<h2 style=\"text-align: center;\"><span style=\"color: #99cc00;\">Tut gut &#8211; Wasserschule<\/span><\/h2>\t\t\t\t\t\t<\/div>\n\t\t\t\t<\/div>\n\t\t\t\t<div class=\"elementor-element elementor-element-1ec8279 elementor-widget elementor-widget-text-editor\" data-id=\"1ec8279\" data-element_type=\"widget\" data-widget_type=\"text-editor.default\">\n\t\t\t\t<div class=\"elementor-widget-container\">\n\t\t\t\t\t\t\t<p>In Wasserschulen wird darauf geachtet, dass die Sch\u00fclerinnen und Sch\u00fcler ausreichend Wasser trinken. Das f\u00f6rdert die Leistungsf\u00e4higkeit und ist ein wichtiger Beitrag zum Schutz vor Karies und \u00dcbergewicht. Dazu wurden die Kinder mit Wasserflaschen ausgestattet, die in der Schule aufbewahrt werden.<\/p><h3>Die Vorteile auf einen Blick!<\/h3><ul class=\"list-normal\"><li>Aufmerksamere Sch\u00fclerinnen und Sch\u00fcler<\/li><li>Effektive Gesundheitsf\u00f6rderung<\/li><li>Bessere Zahngesundheit<\/li><li>Geringeres \u00dcbergewichtsrisiko<\/li><li>Leichtere Schultaschen<\/li><li>Gro\u00dfe Akzeptanz bei Kindern, Eltern, P\u00e4dagoginnen und P\u00e4dagogen<\/li><li>Gesundes wird zur Gewohnheit<\/li><\/ul>\t\t\t\t\t\t<\/div>\n\t\t\t\t<\/div>\n\t\t\t\t<section class=\"elementor-section elementor-inner-section elementor-element elementor-element-8c98fcc elementor-section-boxed elementor-section-height-default elementor-section-height-default\" data-id=\"8c98fcc\" data-element_type=\"section\">\n\t\t\t\t\t\t<div class=\"elementor-container elementor-column-gap-default\">\n\t\t\t\t\t<div class=\"elementor-column elementor-col-50 elementor-inner-column elementor-element elementor-element-a5ff92b\" data-id=\"a5ff92b\" data-element_type=\"column\">\n\t\t\t<div class=\"elementor-widget-wrap elementor-element-populated\">\n\t\t\t\t\t\t\t\t<div class=\"elementor-element elementor-element-62753c6 elementor-widget elementor-widget-image\" data-id=\"62753c6\" data-element_type=\"widget\" data-widget_type=\"image.default\">\n\t\t\t\t<div class=\"elementor-widget-container\">\n\t\t\t\t\t\t\t\t\t\t\t\t\t\t\t<img loading=\"lazy\" decoding=\"async\" width=\"300\" height=\"225\" src=\"https:\/\/vshaidershofen.ac.at\/wp-content\/uploads\/2025\/01\/20250124_101418-300x225.jpg\" class=\"attachment-medium size-medium wp-image-2677\" alt=\"\" srcset=\"https:\/\/vshaidershofen.ac.at\/wp-content\/uploads\/2025\/01\/20250124_101418-300x225.jpg 300w, https:\/\/vshaidershofen.ac.at\/wp-content\/uploads\/2025\/01\/20250124_101418-1024x768.jpg 1024w, https:\/\/vshaidershofen.ac.at\/wp-content\/uploads\/2025\/01\/20250124_101418-768x576.jpg 768w, https:\/\/vshaidershofen.ac.at\/wp-content\/uploads\/2025\/01\/20250124_101418-1536x1152.jpg 1536w, https:\/\/vshaidershofen.ac.at\/wp-content\/uploads\/2025\/01\/20250124_101418-2048x1536.jpg 2048w\" sizes=\"auto, (max-width: 300px) 100vw, 300px\" \/>\t\t\t\t\t\t\t\t\t\t\t\t\t\t\t<\/div>\n\t\t\t\t<\/div>\n\t\t\t\t\t<\/div>\n\t\t<\/div>\n\t\t\t\t<div class=\"elementor-column elementor-col-50 elementor-inner-column elementor-element elementor-element-7213f80\" data-id=\"7213f80\" data-element_type=\"column\">\n\t\t\t<div class=\"elementor-widget-wrap elementor-element-populated\">\n\t\t\t\t\t\t\t\t<div class=\"elementor-element elementor-element-b672f50 elementor-widget elementor-widget-image\" data-id=\"b672f50\" data-element_type=\"widget\" data-widget_type=\"image.default\">\n\t\t\t\t<div class=\"elementor-widget-container\">\n\t\t\t\t\t\t\t\t\t\t\t\t\t\t\t<img loading=\"lazy\" decoding=\"async\" width=\"224\" height=\"224\" src=\"https:\/\/vshaidershofen.ac.at\/wp-content\/uploads\/2025\/01\/images.jpg\" class=\"attachment-medium size-medium wp-image-2673\" alt=\"\" srcset=\"https:\/\/vshaidershofen.ac.at\/wp-content\/uploads\/2025\/01\/images.jpg 224w, https:\/\/vshaidershofen.ac.at\/wp-content\/uploads\/2025\/01\/images-150x150.jpg 150w\" sizes=\"auto, (max-width: 224px) 100vw, 224px\" \/>\t\t\t\t\t\t\t\t\t\t\t\t\t\t\t<\/div>\n\t\t\t\t<\/div>\n\t\t\t\t\t<\/div>\n\t\t<\/div>\n\t\t\t\t\t\t\t<\/div>\n\t\t<\/section>\n\t\t\t\t\t<\/div>\n\t\t<\/div>\n\t\t\t\t\t\t\t<\/div>\n\t\t<\/section>\n\t\t\t\t<section class=\"elementor-section elementor-top-section elementor-element elementor-element-fd856a7 elementor-section-boxed elementor-section-height-default elementor-section-height-default\" data-id=\"fd856a7\" data-element_type=\"section\">\n\t\t\t\t\t\t<div class=\"elementor-container elementor-column-gap-default\">\n\t\t\t\t\t<div class=\"elementor-column elementor-col-100 elementor-top-column elementor-element elementor-element-21d74e0\" data-id=\"21d74e0\" data-element_type=\"column\">\n\t\t\t<div class=\"elementor-widget-wrap elementor-element-populated\">\n\t\t\t\t\t\t\t\t<div class=\"elementor-element elementor-element-7a5be85 elementor-widget-divider--view-line elementor-widget elementor-widget-divider\" data-id=\"7a5be85\" data-element_type=\"widget\" data-widget_type=\"divider.default\">\n\t\t\t\t<div class=\"elementor-widget-container\">\n\t\t\t\t\t<div class=\"elementor-divider\">\n\t\t\t<span class=\"elementor-divider-separator\">\n\t\t\t\t\t\t<\/span>\n\t\t<\/div>\n\t\t\t\t<\/div>\n\t\t\t\t<\/div>\n\t\t\t\t\t<\/div>\n\t\t<\/div>\n\t\t\t\t\t\t\t<\/div>\n\t\t<\/section>\n\t\t\t\t<section class=\"elementor-section elementor-top-section elementor-element elementor-element-e464831 elementor-section-boxed elementor-section-height-default elementor-section-height-default\" data-id=\"e464831\" data-element_type=\"section\">\n\t\t\t\t\t\t<div class=\"elementor-container elementor-column-gap-default\">\n\t\t\t\t\t<div class=\"elementor-column elementor-col-100 elementor-top-column elementor-element elementor-element-85f4d4e\" data-id=\"85f4d4e\" data-element_type=\"column\">\n\t\t\t<div class=\"elementor-widget-wrap elementor-element-populated\">\n\t\t\t\t\t\t\t\t<div class=\"elementor-element elementor-element-ebc6197 elementor-widget elementor-widget-spacer\" data-id=\"ebc6197\" data-element_type=\"widget\" data-widget_type=\"spacer.default\">\n\t\t\t\t<div class=\"elementor-widget-container\">\n\t\t\t\t\t<div class=\"elementor-spacer\">\n\t\t\t<div class=\"elementor-spacer-inner\"><\/div>\n\t\t<\/div>\n\t\t\t\t<\/div>\n\t\t\t\t<\/div>\n\t\t\t\t\t<\/div>\n\t\t<\/div>\n\t\t\t\t\t\t\t<\/div>\n\t\t<\/section>\n\t\t\t\t<section class=\"elementor-section elementor-top-section elementor-element elementor-element-2b891ec elementor-section-boxed elementor-section-height-default elementor-section-height-default\" data-id=\"2b891ec\" data-element_type=\"section\">\n\t\t\t\t\t\t<div class=\"elementor-container elementor-column-gap-default\">\n\t\t\t\t\t<div class=\"elementor-column elementor-col-100 elementor-top-column elementor-element elementor-element-a48e699\" data-id=\"a48e699\" data-element_type=\"column\">\n\t\t\t<div class=\"elementor-widget-wrap elementor-element-populated\">\n\t\t\t\t\t\t\t\t<div class=\"elementor-element elementor-element-8132862 elementor-widget elementor-widget-text-editor\" data-id=\"8132862\" data-element_type=\"widget\" data-widget_type=\"text-editor.default\">\n\t\t\t\t<div class=\"elementor-widget-container\">\n\t\t\t\t\t\t\t<h2 style=\"text-align: center;\"><span style=\"color: #99cc00;\">IBF &#8211; Kochen<br \/><\/span><\/h2>\t\t\t\t\t\t<\/div>\n\t\t\t\t<\/div>\n\t\t\t\t<div class=\"elementor-element elementor-element-723b403 elementor-widget elementor-widget-text-editor\" data-id=\"723b403\" data-element_type=\"widget\" data-widget_type=\"text-editor.default\">\n\t\t\t\t<div class=\"elementor-widget-container\">\n\t\t\t\t\t\t\t<p>Bei der Interessens-und Begabungsf\u00f6rderung, kurz IBF &#8211; gibt es die M\u00f6glichkeit die Gruppe &#8218;Kochclub&#8216; zu w\u00e4hlen.\u00a0<\/p><p>Wer wei\u00df, wo Lebensmittel herkommen und wie sie gemacht werden, entwickelt mehr Wertsch\u00e4tzung f\u00fcr sie. Kochen ist ein kreativer Prozess, der alle Sinne anspricht. Tischkultur und Rituale machen das Essen zu einem kulturellen Erlebnis, das K\u00f6rper und Seele n\u00e4hrt.<\/p>\t\t\t\t\t\t<\/div>\n\t\t\t\t<\/div>\n\t\t\t\t\t<\/div>\n\t\t<\/div>\n\t\t\t\t\t\t\t<\/div>\n\t\t<\/section>\n\t\t\t\t<section class=\"elementor-section elementor-top-section elementor-element elementor-element-ee0d0d3 elementor-section-boxed elementor-section-height-default elementor-section-height-default\" data-id=\"ee0d0d3\" data-element_type=\"section\">\n\t\t\t\t\t\t<div class=\"elementor-container elementor-column-gap-default\">\n\t\t\t\t\t<div class=\"elementor-column elementor-col-100 elementor-top-column elementor-element elementor-element-169a64b\" data-id=\"169a64b\" data-element_type=\"column\">\n\t\t\t<div class=\"elementor-widget-wrap elementor-element-populated\">\n\t\t\t\t\t\t\t\t<div class=\"elementor-element elementor-element-2dfc5ad elementor-widget elementor-widget-image\" data-id=\"2dfc5ad\" data-element_type=\"widget\" data-widget_type=\"image.default\">\n\t\t\t\t<div class=\"elementor-widget-container\">\n\t\t\t\t\t\t\t\t\t\t\t\t\t\t\t<img loading=\"lazy\" decoding=\"async\" width=\"300\" height=\"214\" src=\"https:\/\/vshaidershofen.ac.at\/wp-content\/uploads\/2025\/02\/52110-300x214.jpg\" class=\"attachment-medium size-medium wp-image-2834\" alt=\"\" srcset=\"https:\/\/vshaidershofen.ac.at\/wp-content\/uploads\/2025\/02\/52110-300x214.jpg 300w, https:\/\/vshaidershofen.ac.at\/wp-content\/uploads\/2025\/02\/52110-1024x731.jpg 1024w, https:\/\/vshaidershofen.ac.at\/wp-content\/uploads\/2025\/02\/52110-768x548.jpg 768w, https:\/\/vshaidershofen.ac.at\/wp-content\/uploads\/2025\/02\/52110.jpg 1500w\" sizes=\"auto, (max-width: 300px) 100vw, 300px\" \/>\t\t\t\t\t\t\t\t\t\t\t\t\t\t\t<\/div>\n\t\t\t\t<\/div>\n\t\t\t\t<div class=\"elementor-element elementor-element-a66662f elementor-widget elementor-widget-spacer\" data-id=\"a66662f\" data-element_type=\"widget\" data-widget_type=\"spacer.default\">\n\t\t\t\t<div class=\"elementor-widget-container\">\n\t\t\t\t\t<div class=\"elementor-spacer\">\n\t\t\t<div class=\"elementor-spacer-inner\"><\/div>\n\t\t<\/div>\n\t\t\t\t<\/div>\n\t\t\t\t<\/div>\n\t\t\t\t\t<\/div>\n\t\t<\/div>\n\t\t\t\t\t\t\t<\/div>\n\t\t<\/section>\n\t\t\t\t\t\t\t<\/div>\n\t\t","protected":false},"excerpt":{"rendered":"<p>Gesundheit Apollonia Die Zahngesundheitserzieher- und erzieherinnen k\u00fcmmern sich mit dem Projekt &#8222;Apollonia N\u00d6&#8220; um die Zahngesundheit der Kinder. Sie besuchen mindestens 2x pro Schuljahr die Volksschule und haben als Ziel,&hellip;<\/p>\n","protected":false},"author":2,"featured_media":0,"parent":0,"menu_order":0,"comment_status":"closed","ping_status":"closed","template":"","meta":{"_themeisle_gutenberg_block_has_review":false,"footnotes":""},"class_list":["post-2661","page","type-page","status-publish","hentry"],"_links":{"self":[{"href":"https:\/\/vshaidershofen.ac.at\/index.php\/wp-json\/wp\/v2\/pages\/2661","targetHints":{"allow":["GET"]}}],"collection":[{"href":"https:\/\/vshaidershofen.ac.at\/index.php\/wp-json\/wp\/v2\/pages"}],"about":[{"href":"https:\/\/vshaidershofen.ac.at\/index.php\/wp-json\/wp\/v2\/types\/page"}],"author":[{"embeddable":true,"href":"https:\/\/vshaidershofen.ac.at\/index.php\/wp-json\/wp\/v2\/users\/2"}],"replies":[{"embeddable":true,"href":"https:\/\/vshaidershofen.ac.at\/index.php\/wp-json\/wp\/v2\/comments?post=2661"}],"version-history":[{"count":40,"href":"https:\/\/vshaidershofen.ac.at\/index.php\/wp-json\/wp\/v2\/pages\/2661\/revisions"}],"predecessor-version":[{"id":4293,"href":"https:\/\/vshaidershofen.ac.at\/index.php\/wp-json\/wp\/v2\/pages\/2661\/revisions\/4293"}],"wp:attachment":[{"href":"https:\/\/vshaidershofen.ac.at\/index.php\/wp-json\/wp\/v2\/media?parent=2661"}],"curies":[{"name":"wp","href":"https:\/\/api.w.org\/{rel}","templated":true}]}}