{"id":3422,"date":"2025-07-03T15:01:35","date_gmt":"2025-07-03T13:01:35","guid":{"rendered":"https:\/\/vshaidershofen.ac.at\/?page_id=3422"},"modified":"2025-07-03T15:01:37","modified_gmt":"2025-07-03T13:01:37","slug":"allgemeine-information","status":"publish","type":"page","link":"https:\/\/vshaidershofen.ac.at\/index.php\/allgemeine-information\/","title":{"rendered":"Allgemeine Information"},"content":{"rendered":"\t\t<div data-elementor-type=\"wp-page\" data-elementor-id=\"3422\" class=\"elementor elementor-3422\">\n\t\t\t\t\t\t\t\t\t<section class=\"elementor-section elementor-top-section elementor-element elementor-element-b8577d7 elementor-section-boxed elementor-section-height-default elementor-section-height-default\" data-id=\"b8577d7\" data-element_type=\"section\">\n\t\t\t\t\t\t<div class=\"elementor-container elementor-column-gap-default\">\n\t\t\t\t\t<div class=\"elementor-column elementor-col-100 elementor-top-column elementor-element elementor-element-8877b7e\" data-id=\"8877b7e\" data-element_type=\"column\">\n\t\t\t<div class=\"elementor-widget-wrap elementor-element-populated\">\n\t\t\t\t\t\t\t\t<div class=\"elementor-element elementor-element-749a295 elementor-widget elementor-widget-spacer\" data-id=\"749a295\" data-element_type=\"widget\" data-widget_type=\"spacer.default\">\n\t\t\t\t<div class=\"elementor-widget-container\">\n\t\t\t\t\t<div class=\"elementor-spacer\">\n\t\t\t<div class=\"elementor-spacer-inner\"><\/div>\n\t\t<\/div>\n\t\t\t\t<\/div>\n\t\t\t\t<\/div>\n\t\t\t\t\t<\/div>\n\t\t<\/div>\n\t\t\t\t\t\t\t<\/div>\n\t\t<\/section>\n\t\t\t\t<section class=\"elementor-section elementor-top-section elementor-element elementor-element-295550a elementor-section-boxed elementor-section-height-default elementor-section-height-default\" data-id=\"295550a\" data-element_type=\"section\">\n\t\t\t\t\t\t<div class=\"elementor-container elementor-column-gap-default\">\n\t\t\t\t\t<div class=\"elementor-column elementor-col-100 elementor-top-column elementor-element elementor-element-d23f23f\" data-id=\"d23f23f\" data-element_type=\"column\">\n\t\t\t<div class=\"elementor-widget-wrap elementor-element-populated\">\n\t\t\t\t\t\t\t\t<div class=\"elementor-element elementor-element-2730bd0 elementor-widget elementor-widget-text-editor\" data-id=\"2730bd0\" data-element_type=\"widget\" data-widget_type=\"text-editor.default\">\n\t\t\t\t<div class=\"elementor-widget-container\">\n\t\t\t\t\t\t\t<h2><span style=\"color: #4ea424;\"><strong>Allgemeine Information<\/strong><\/span><\/h2><p>Ein Elternverein ist der freiwillige, privatrechtliche Zusammenschluss von Erziehungsberechtigten der Kinder einer Schule. Er k\u00fcmmert sich um die Anliegen und W\u00fcnsche der Eltern und fungiert als allgemeine Interessenvertretung auch gegen\u00fcber Beh\u00f6rden und Institutionen.<\/p><p><span style=\"color: #4ea424;\"><strong>Unsere Aufgaben:<\/strong><\/span><\/p><ul><li>Organisation eines Schwimmkurses<\/li><li>Organisation eines Schikurses<\/li><li>Organisation des Osterbrauchs \u201cRatschen\u201d<\/li><li>Organisation und Verwaltung der w\u00f6chentlichen gesunden Jause<\/li><li>Zuschuss an die Schule f\u00fcr Lehrmittel, Transportkosten, usw.<\/li><li>enge Zusammenarbeit mit der Schule f\u00fcr Veranstaltungen wie Fasching, Ostern, Sportliches, Abschlussfest und die Weihnachtszeit<\/li><\/ul><p>Um unsere Aufgaben zu erf\u00fcllen, treffen wir uns in regelm\u00e4\u00dfigen Abst\u00e4nden, nehmen an Besprechungen mit der Schulleitung, sowie dem B\u00fcrgermeister in der Gemeinde teil.<\/p><p>\u00a0<\/p><p>In der Hauptversammlung am Anfang des Schuljahres werden der Vorstand sowie die einzelnen Mitglieder gew\u00e4hlt.<\/p><p>\u00a0<\/p><p>Wir suchen immer wieder neue Mitglieder. Gerne auch beratende Mitglieder f\u00fcr den Elternverein. Uns ist das Anliegen der Kinder wichtig, deswegen haben wir uns dazu entschlossen, das Ehrenamt zu \u00fcbernehmen.<\/p><p>\u00a0<\/p><p><span style=\"color: #4ea424;\"><strong>Aktueller Vorstand seit dem 12. November 2024:<\/strong><\/span><\/p><p><span style=\"color: #4ea424;\"><strong>\u00a0Elternvereine<\/strong><\/span><\/p><ul><li><strong><span style=\"color: #4ea424;\"><a style=\"color: #4ea424;\" href=\"https:\/\/www.ris.bka.gv.at\/NormDokument.wxe?Abfrage=Bundesnormen&amp;Gesetzesnummer=10009600&amp;FassungVom=2025-03-26&amp;Artikel=&amp;Paragraf=63&amp;Anlage=&amp;Uebergangsrecht=\">63.Paragraph 63<\/a><\/span> <br \/><\/strong><\/li><\/ul><ol><li>(1) Absatz 1<br \/>Die Schulleiter haben die Errichtung und die T\u00e4tigkeit von Elternvereinen zu f\u00f6rdern, die satzungsgem\u00e4\u00df allen Erziehungsberechtigten von Sch\u00fclern der betreffenden Schule zug\u00e4nglich sind.<\/li><li>(2) Absatz 2<br \/>Die Organe des Elternvereines k\u00f6nnen dem Schulleiter und dem Klassenvorstand Vorschl\u00e4ge, W\u00fcnsche und Beschwerden mitteilen; der Schulleiter hat das Vorbringen des Elternvereines zu pr\u00fcfen und mit den Organen des Elternvereines zu besprechen.<\/li><li><em>(3) <\/em>Absatz 3<br \/><em>(Anm.: aufgehoben durch\u00a0<\/em><a href=\"https:\/\/www.ris.bka.gv.at\/Dokumente\/BgblPdf\/1996_767_0\/1996_767_0.pdf\"><em>BGBl. Nr.\u00a0767\/1996<\/em><\/a><em>)<\/em>Anmerkung, aufgehoben durch Bundesgesetzblatt Nr.\u00a0767 aus 1996,)<\/li><li>(4) Absatz 4<br \/>Die Rechte gem\u00e4\u00df den Abs.\u00a01 und 2 stehen nur zu, wenn an einer Schule nur ein Elternverein errichtet werden soll oder besteht und sich dessen Wirkungsbereich nur auf diese Schule bezieht; sie stehen ferner zu, wenn sich der Wirkungsbereich des Elternvereines auf mehrere in einem engen \u00f6rtlichen Zusammenhang stehende Schulen oder der Wirkungsbereich des Elternvereines einer Volksschule, Mittelschule oder Sonderschule auch auf eine Polytechnische Schule bezieht.<\/li><\/ol>\t\t\t\t\t\t<\/div>\n\t\t\t\t<\/div>\n\t\t\t\t\t<\/div>\n\t\t<\/div>\n\t\t\t\t\t\t\t<\/div>\n\t\t<\/section>\n\t\t\t\t<section class=\"elementor-section elementor-top-section elementor-element elementor-element-da1c66a elementor-section-boxed elementor-section-height-default elementor-section-height-default\" data-id=\"da1c66a\" data-element_type=\"section\">\n\t\t\t\t\t\t<div class=\"elementor-container elementor-column-gap-default\">\n\t\t\t\t\t<div class=\"elementor-column elementor-col-100 elementor-top-column elementor-element elementor-element-b98e1f3\" data-id=\"b98e1f3\" data-element_type=\"column\">\n\t\t\t<div class=\"elementor-widget-wrap elementor-element-populated\">\n\t\t\t\t\t\t\t\t<div class=\"elementor-element elementor-element-a36c185 elementor-widget elementor-widget-spacer\" data-id=\"a36c185\" data-element_type=\"widget\" data-widget_type=\"spacer.default\">\n\t\t\t\t<div class=\"elementor-widget-container\">\n\t\t\t\t\t<div class=\"elementor-spacer\">\n\t\t\t<div class=\"elementor-spacer-inner\"><\/div>\n\t\t<\/div>\n\t\t\t\t<\/div>\n\t\t\t\t<\/div>\n\t\t\t\t\t<\/div>\n\t\t<\/div>\n\t\t\t\t\t\t\t<\/div>\n\t\t<\/section>\n\t\t\t\t\t\t\t<\/div>\n\t\t","protected":false},"excerpt":{"rendered":"<p>Allgemeine Information Ein Elternverein ist der freiwillige, privatrechtliche Zusammenschluss von Erziehungsberechtigten der Kinder einer Schule. Er k\u00fcmmert sich um die Anliegen und W\u00fcnsche der Eltern und fungiert als allgemeine Interessenvertretung&hellip;<\/p>\n","protected":false},"author":2,"featured_media":0,"parent":0,"menu_order":0,"comment_status":"closed","ping_status":"closed","template":"","meta":{"_themeisle_gutenberg_block_has_review":false,"footnotes":""},"class_list":["post-3422","page","type-page","status-publish","hentry"],"_links":{"self":[{"href":"https:\/\/vshaidershofen.ac.at\/index.php\/wp-json\/wp\/v2\/pages\/3422","targetHints":{"allow":["GET"]}}],"collection":[{"href":"https:\/\/vshaidershofen.ac.at\/index.php\/wp-json\/wp\/v2\/pages"}],"about":[{"href":"https:\/\/vshaidershofen.ac.at\/index.php\/wp-json\/wp\/v2\/types\/page"}],"author":[{"embeddable":true,"href":"https:\/\/vshaidershofen.ac.at\/index.php\/wp-json\/wp\/v2\/users\/2"}],"replies":[{"embeddable":true,"href":"https:\/\/vshaidershofen.ac.at\/index.php\/wp-json\/wp\/v2\/comments?post=3422"}],"version-history":[{"count":8,"href":"https:\/\/vshaidershofen.ac.at\/index.php\/wp-json\/wp\/v2\/pages\/3422\/revisions"}],"predecessor-version":[{"id":3468,"href":"https:\/\/vshaidershofen.ac.at\/index.php\/wp-json\/wp\/v2\/pages\/3422\/revisions\/3468"}],"wp:attachment":[{"href":"https:\/\/vshaidershofen.ac.at\/index.php\/wp-json\/wp\/v2\/media?parent=3422"}],"curies":[{"name":"wp","href":"https:\/\/api.w.org\/{rel}","templated":true}]}}