{"id":430,"date":"2023-09-13T07:36:36","date_gmt":"2023-09-13T05:36:36","guid":{"rendered":"https:\/\/vshaidershofen.ac.at\/?page_id=430"},"modified":"2026-01-09T08:28:07","modified_gmt":"2026-01-09T07:28:07","slug":"steckbrief-michaela","status":"publish","type":"page","link":"https:\/\/vshaidershofen.ac.at\/index.php\/steckbrief-michaela\/","title":{"rendered":"Steckbrief Michaela"},"content":{"rendered":"\t\t<div data-elementor-type=\"wp-page\" data-elementor-id=\"430\" class=\"elementor elementor-430\">\n\t\t\t\t\t\t\t\t\t<section class=\"elementor-section elementor-top-section elementor-element elementor-element-4354d5b elementor-section-boxed elementor-section-height-default elementor-section-height-default\" data-id=\"4354d5b\" data-element_type=\"section\">\n\t\t\t\t\t\t<div class=\"elementor-container elementor-column-gap-default\">\n\t\t\t\t\t<div class=\"elementor-column elementor-col-100 elementor-top-column elementor-element elementor-element-2b20b68\" data-id=\"2b20b68\" data-element_type=\"column\">\n\t\t\t<div class=\"elementor-widget-wrap elementor-element-populated\">\n\t\t\t\t\t\t\t\t<div class=\"elementor-element elementor-element-1e0e6b9 elementor-widget elementor-widget-spacer\" data-id=\"1e0e6b9\" data-element_type=\"widget\" data-widget_type=\"spacer.default\">\n\t\t\t\t<div class=\"elementor-widget-container\">\n\t\t\t\t\t<div class=\"elementor-spacer\">\n\t\t\t<div class=\"elementor-spacer-inner\"><\/div>\n\t\t<\/div>\n\t\t\t\t<\/div>\n\t\t\t\t<\/div>\n\t\t\t\t<div class=\"elementor-element elementor-element-fe9453e elementor-widget elementor-widget-heading\" data-id=\"fe9453e\" data-element_type=\"widget\" data-widget_type=\"heading.default\">\n\t\t\t\t<div class=\"elementor-widget-container\">\n\t\t\t<h2 class=\"elementor-heading-title elementor-size-default\">MICHAELA WINDHAGER\n<\/h2>\t\t<\/div>\n\t\t\t\t<\/div>\n\t\t\t\t<section class=\"elementor-section elementor-inner-section elementor-element elementor-element-a8df708 elementor-section-boxed elementor-section-height-default elementor-section-height-default\" data-id=\"a8df708\" data-element_type=\"section\">\n\t\t\t\t\t\t<div class=\"elementor-container elementor-column-gap-default\">\n\t\t\t\t\t<div class=\"elementor-column elementor-col-50 elementor-inner-column elementor-element elementor-element-30c2703\" data-id=\"30c2703\" data-element_type=\"column\">\n\t\t\t<div class=\"elementor-widget-wrap elementor-element-populated\">\n\t\t\t\t\t\t\t\t<div class=\"elementor-element elementor-element-6761323 elementor-widget elementor-widget-image\" data-id=\"6761323\" data-element_type=\"widget\" data-widget_type=\"image.default\">\n\t\t\t\t<div class=\"elementor-widget-container\">\n\t\t\t\t\t\t\t\t\t\t\t\t\t\t\t<img loading=\"lazy\" decoding=\"async\" width=\"731\" height=\"1024\" src=\"https:\/\/vshaidershofen.ac.at\/wp-content\/uploads\/2025\/10\/Z723984-731x1024.jpg\" class=\"attachment-large size-large wp-image-3855\" alt=\"\" srcset=\"https:\/\/vshaidershofen.ac.at\/wp-content\/uploads\/2025\/10\/Z723984-731x1024.jpg 731w, https:\/\/vshaidershofen.ac.at\/wp-content\/uploads\/2025\/10\/Z723984-214x300.jpg 214w, https:\/\/vshaidershofen.ac.at\/wp-content\/uploads\/2025\/10\/Z723984-768x1076.jpg 768w, https:\/\/vshaidershofen.ac.at\/wp-content\/uploads\/2025\/10\/Z723984-1096x1536.jpg 1096w, https:\/\/vshaidershofen.ac.at\/wp-content\/uploads\/2025\/10\/Z723984-1461x2048.jpg 1461w, https:\/\/vshaidershofen.ac.at\/wp-content\/uploads\/2025\/10\/Z723984.jpg 1500w\" sizes=\"auto, (max-width: 731px) 100vw, 731px\" \/>\t\t\t\t\t\t\t\t\t\t\t\t\t\t\t<\/div>\n\t\t\t\t<\/div>\n\t\t\t\t\t<\/div>\n\t\t<\/div>\n\t\t\t\t<div class=\"elementor-column elementor-col-50 elementor-inner-column elementor-element elementor-element-7328304\" data-id=\"7328304\" data-element_type=\"column\">\n\t\t\t<div class=\"elementor-widget-wrap elementor-element-populated\">\n\t\t\t\t\t\t\t\t<div class=\"elementor-element elementor-element-68a349d elementor-widget elementor-widget-text-editor\" data-id=\"68a349d\" data-element_type=\"widget\" data-widget_type=\"text-editor.default\">\n\t\t\t\t<div class=\"elementor-widget-container\">\n\t\t\t\t\t\t\t<p style=\"font-size: 20px;\"><span style=\"text-decoration: underline;\">Mein Name:<\/span> Michaela Windhager<\/p><p style=\"font-size: 20px;\"><span style=\"text-decoration: underline;\">Welche Klasse bzw. F\u00e4cher unterrichte ich:<\/span> Schulleitung, Deutsch, Musik und Darstellendes Spiel sind meine Lieblingsf\u00e4cher<\/p><p style=\"font-size: 20px;\"><span style=\"text-decoration: underline;\">Was macht mir besonders Spa\u00df an meiner Arbeit:<\/span><\/p><ul style=\"font-size: 20px;\"><li style=\"list-style-type: none;\"><ul><li style=\"list-style-type: none;\"><ul><li>das Arbeiten mit meinem Team<\/li><li>probiere gerne Neues aus<\/li><li>liebe es zu planen, organisieren und umzusetzen\u00a0<\/li><\/ul><\/li><\/ul><\/li><li style=\"list-style-type: none;\">\u00a0<\/li><\/ul><div style=\"font-size: 20px;\"><p><span style=\"text-decoration: underline;\">Was mache ich gerne in meiner Freizeit:\u00a0<\/span><\/p><ul><li style=\"list-style-type: none;\"><ul><li>reisen<\/li><li>ein gutes Buch lesen<\/li><li>Natur genie\u00dfen<\/li><li><span style=\"background-color: rgba(255, 255, 255, 0); letter-spacing: var(--the7-base-letter-spacing); text-transform: var(--the7-base-text-transform); word-spacing: normal;\">Ausfl\u00fcge<\/span><\/li><li>Zeit mit meiner Familie und meinen Freunden verbringen\u00a0<\/li><\/ul><\/li><\/ul><p><img loading=\"lazy\" decoding=\"async\" class=\"size-medium wp-image-4169 alignright\" src=\"https:\/\/vshaidershofen.ac.at\/wp-content\/uploads\/2025\/12\/Kopie-von-Bunt-Verspielt-SchuleBildung-Landschaft-Bi-Falz-Broschuere-A51-e1767732199160-300x55.png\" alt=\"\" width=\"300\" height=\"55\" srcset=\"https:\/\/vshaidershofen.ac.at\/wp-content\/uploads\/2025\/12\/Kopie-von-Bunt-Verspielt-SchuleBildung-Landschaft-Bi-Falz-Broschuere-A51-e1767732199160-300x55.png 300w, https:\/\/vshaidershofen.ac.at\/wp-content\/uploads\/2025\/12\/Kopie-von-Bunt-Verspielt-SchuleBildung-Landschaft-Bi-Falz-Broschuere-A51-e1767732199160.png 548w\" sizes=\"auto, (max-width: 300px) 100vw, 300px\" \/><\/p><\/div>\t\t\t\t\t\t<\/div>\n\t\t\t\t<\/div>\n\t\t\t\t\t<\/div>\n\t\t<\/div>\n\t\t\t\t\t\t\t<\/div>\n\t\t<\/section>\n\t\t\t\t\t<\/div>\n\t\t<\/div>\n\t\t\t\t\t\t\t<\/div>\n\t\t<\/section>\n\t\t\t\t<section class=\"elementor-section elementor-top-section elementor-element elementor-element-420eaab elementor-section-boxed elementor-section-height-default elementor-section-height-default\" data-id=\"420eaab\" data-element_type=\"section\">\n\t\t\t\t\t\t<div class=\"elementor-container elementor-column-gap-default\">\n\t\t\t\t\t<div class=\"elementor-column elementor-col-100 elementor-top-column elementor-element elementor-element-303a688\" data-id=\"303a688\" data-element_type=\"column\">\n\t\t\t<div class=\"elementor-widget-wrap elementor-element-populated\">\n\t\t\t\t\t\t\t\t<div class=\"elementor-element elementor-element-5f9e03b elementor-widget elementor-widget-spacer\" data-id=\"5f9e03b\" data-element_type=\"widget\" data-widget_type=\"spacer.default\">\n\t\t\t\t<div class=\"elementor-widget-container\">\n\t\t\t\t\t<div class=\"elementor-spacer\">\n\t\t\t<div class=\"elementor-spacer-inner\"><\/div>\n\t\t<\/div>\n\t\t\t\t<\/div>\n\t\t\t\t<\/div>\n\t\t\t\t\t<\/div>\n\t\t<\/div>\n\t\t\t\t\t\t\t<\/div>\n\t\t<\/section>\n\t\t\t\t\t\t\t<\/div>\n\t\t","protected":false},"excerpt":{"rendered":"<p>MICHAELA WINDHAGER Mein Name: Michaela Windhager Welche Klasse bzw. F\u00e4cher unterrichte ich: Schulleitung, Deutsch, Musik und Darstellendes Spiel sind meine Lieblingsf\u00e4cher Was macht mir besonders Spa\u00df an meiner Arbeit: das&hellip;<\/p>\n","protected":false},"author":1,"featured_media":0,"parent":0,"menu_order":0,"comment_status":"closed","ping_status":"closed","template":"","meta":{"_themeisle_gutenberg_block_has_review":false,"footnotes":""},"class_list":["post-430","page","type-page","status-publish","hentry"],"_links":{"self":[{"href":"https:\/\/vshaidershofen.ac.at\/index.php\/wp-json\/wp\/v2\/pages\/430","targetHints":{"allow":["GET"]}}],"collection":[{"href":"https:\/\/vshaidershofen.ac.at\/index.php\/wp-json\/wp\/v2\/pages"}],"about":[{"href":"https:\/\/vshaidershofen.ac.at\/index.php\/wp-json\/wp\/v2\/types\/page"}],"author":[{"embeddable":true,"href":"https:\/\/vshaidershofen.ac.at\/index.php\/wp-json\/wp\/v2\/users\/1"}],"replies":[{"embeddable":true,"href":"https:\/\/vshaidershofen.ac.at\/index.php\/wp-json\/wp\/v2\/comments?post=430"}],"version-history":[{"count":25,"href":"https:\/\/vshaidershofen.ac.at\/index.php\/wp-json\/wp\/v2\/pages\/430\/revisions"}],"predecessor-version":[{"id":4315,"href":"https:\/\/vshaidershofen.ac.at\/index.php\/wp-json\/wp\/v2\/pages\/430\/revisions\/4315"}],"wp:attachment":[{"href":"https:\/\/vshaidershofen.ac.at\/index.php\/wp-json\/wp\/v2\/media?parent=430"}],"curies":[{"name":"wp","href":"https:\/\/api.w.org\/{rel}","templated":true}]}}