{"id":679,"date":"2023-09-28T11:25:26","date_gmt":"2023-09-28T09:25:26","guid":{"rendered":"https:\/\/vshaidershofen.ac.at\/?page_id=679"},"modified":"2026-01-07T13:50:42","modified_gmt":"2026-01-07T12:50:42","slug":"leitbild","status":"publish","type":"page","link":"https:\/\/vshaidershofen.ac.at\/index.php\/leitbild\/","title":{"rendered":"Leitbild"},"content":{"rendered":"\t\t<div data-elementor-type=\"wp-page\" data-elementor-id=\"679\" class=\"elementor elementor-679\">\n\t\t\t\t\t\t\t\t\t<section class=\"elementor-section elementor-top-section elementor-element elementor-element-c5d6c5a elementor-section-boxed elementor-section-height-default elementor-section-height-default\" data-id=\"c5d6c5a\" data-element_type=\"section\">\n\t\t\t\t\t\t<div class=\"elementor-container elementor-column-gap-default\">\n\t\t\t\t\t<div class=\"elementor-column elementor-col-100 elementor-top-column elementor-element elementor-element-92de2d0\" data-id=\"92de2d0\" data-element_type=\"column\">\n\t\t\t<div class=\"elementor-widget-wrap elementor-element-populated\">\n\t\t\t\t\t\t\t\t<div class=\"elementor-element elementor-element-5935993 elementor-widget elementor-widget-spacer\" data-id=\"5935993\" data-element_type=\"widget\" data-widget_type=\"spacer.default\">\n\t\t\t\t<div class=\"elementor-widget-container\">\n\t\t\t\t\t<div class=\"elementor-spacer\">\n\t\t\t<div class=\"elementor-spacer-inner\"><\/div>\n\t\t<\/div>\n\t\t\t\t<\/div>\n\t\t\t\t<\/div>\n\t\t\t\t\t<\/div>\n\t\t<\/div>\n\t\t\t\t\t\t\t<\/div>\n\t\t<\/section>\n\t\t\t\t<section class=\"elementor-section elementor-top-section elementor-element elementor-element-4b91f5b elementor-section-boxed elementor-section-height-default elementor-section-height-default\" data-id=\"4b91f5b\" data-element_type=\"section\">\n\t\t\t\t\t\t<div class=\"elementor-container elementor-column-gap-default\">\n\t\t\t\t\t<div class=\"elementor-column elementor-col-100 elementor-top-column elementor-element elementor-element-7f49556\" data-id=\"7f49556\" data-element_type=\"column\">\n\t\t\t<div class=\"elementor-widget-wrap elementor-element-populated\">\n\t\t\t\t\t\t\t\t<div class=\"elementor-element elementor-element-6ee1eb0 elementor-widget elementor-widget-spacer\" data-id=\"6ee1eb0\" data-element_type=\"widget\" data-widget_type=\"spacer.default\">\n\t\t\t\t<div class=\"elementor-widget-container\">\n\t\t\t\t\t<div class=\"elementor-spacer\">\n\t\t\t<div class=\"elementor-spacer-inner\"><\/div>\n\t\t<\/div>\n\t\t\t\t<\/div>\n\t\t\t\t<\/div>\n\t\t\t\t\t<\/div>\n\t\t<\/div>\n\t\t\t\t\t\t\t<\/div>\n\t\t<\/section>\n\t\t\t\t<section class=\"elementor-section elementor-top-section elementor-element elementor-element-13ac47a elementor-section-boxed elementor-section-height-default elementor-section-height-default\" data-id=\"13ac47a\" data-element_type=\"section\">\n\t\t\t\t\t\t<div class=\"elementor-container elementor-column-gap-default\">\n\t\t\t\t\t<div class=\"elementor-column elementor-col-100 elementor-top-column elementor-element elementor-element-f7f9d2e\" data-id=\"f7f9d2e\" data-element_type=\"column\">\n\t\t\t<div class=\"elementor-widget-wrap elementor-element-populated\">\n\t\t\t\t\t\t\t\t<div class=\"elementor-element elementor-element-e22cbdc elementor-widget elementor-widget-text-editor\" data-id=\"e22cbdc\" data-element_type=\"widget\" data-widget_type=\"text-editor.default\">\n\t\t\t\t<div class=\"elementor-widget-container\">\n\t\t\t\t\t\t\t<h2><img loading=\"lazy\" decoding=\"async\" class=\"alignnone wp-image-4169 size-medium\" src=\"https:\/\/vshaidershofen.ac.at\/wp-content\/uploads\/2025\/12\/Kopie-von-Bunt-Verspielt-SchuleBildung-Landschaft-Bi-Falz-Broschuere-A51-e1766133787377-300x92.png\" alt=\"\" width=\"300\" height=\"92\" \/><\/h2><h2><span style=\"color: #4ea424;\"><strong>P\u00e4dagogisches Leitbild der Volksschule Haidershofen<\/strong><\/span><\/h2><p><strong>Unser Bildungsverst\u00e4ndnis<\/strong><\/p><p>Wir verstehen Schule als einen vielseitigen Lern- und Lebensraum, in dem Kinder in ihrer gesamten Pers\u00f6nlichkeit wahrgenommen, gef\u00f6rdert und gest\u00e4rkt werden.<\/p><p>Lernen bedeutet f\u00fcr uns eine aktive, neugierige und freudvolle Auseinandersetzung mit der Welt, unterst\u00fctzt durch eine wertsch\u00e4tzende Gemeinschaft.<\/p><p>\u00a0<\/p><p><strong>Werte und Haltung<\/strong><\/p><p>Unsere P\u00e4dagogische Arbeit basiert auf folgenden Grundwerten:<\/p><ul><li><strong>Respekt und Wertsch\u00e4tzung<\/strong> im Umgang miteinander<\/li><li><strong>Verantwortung und Selbstst\u00e4ndigkeit<\/strong> f\u00fcr das eigene Lernen<\/li><li><strong>Toleranz und Offenheit<\/strong> gegen\u00fcber unterschiedlichen Kulturen, Lebensweisen, Meinungen<\/li><li><strong>Demokratie und Mitbestimmung <\/strong>im Schulalltag<\/li><li><strong>Nachhaltigkeit und Achtsamkeit <\/strong>im Umgang mit Natur und Ressourcen<\/li><\/ul><p>\u00a0<\/p><p><strong>Lernen und Lehren<\/strong><\/p><p>Wir gestalten Unterricht so, dass alle Kinder unabh\u00e4ngig von Herkunft, F\u00e4higkeiten oder Begabungen bestm\u00f6glich lernen k\u00f6nnen. Dabei orientieren wir uns an folgenden Prinzipien:<\/p><ul><li><strong>Individuelle F\u00f6rderung<\/strong> und <strong>differenzierte Lernangebote<\/strong><\/li><li><strong>Kompetenzorientierung<\/strong> und lebensnahe Inhalte<\/li><li><strong>Aktivierende Methoden<\/strong> wie kooperative Lernformen, projektorientiertes Arbeiten und entdeckendes Lernen<\/li><li><strong>F\u00f6rderung von Kreativit\u00e4t<\/strong>, <strong>kritischem Denken<\/strong> und <strong>Probleml\u00f6sungskompetenz<\/strong><\/li><li><strong>Einsatz moderner Medien<\/strong> und <strong>digitaler Werkzeuge<\/strong> als Lernunterst\u00fctzung<\/li><\/ul><p>\u00a0<\/p><p><strong>Gemeinschaft und Schulklima<\/strong><\/p><p>Wir schaffen ein Schulklima, das von gegenseitiger Unterst\u00fctzung, Sicherheit und positiver Lernatmosph\u00e4re gepr\u00e4gt ist.<\/p><ul><li>Soziales Lernen ist ein zentraler Bestandteil unseres t\u00e4glichen Miteinanders<\/li><li>Konflikte l\u00f6sen wir konstruktiv und st\u00e4rken die Kinder in ihrer sozialen Kompetenz.<\/li><li>Eltern und Erziehungsberechtigte sind wichtige Partner im Bildungsprozess.<\/li><\/ul><h3>\u00a0<\/h3><h3 style=\"text-align: center;\"><span style=\"color: #4ea424;\">Wir leben und st\u00e4rken Gemeinschaft!<\/span><\/h3><p><img loading=\"lazy\" decoding=\"async\" class=\"size-medium wp-image-4169 alignright\" src=\"https:\/\/vshaidershofen.ac.at\/wp-content\/uploads\/2025\/12\/Kopie-von-Bunt-Verspielt-SchuleBildung-Landschaft-Bi-Falz-Broschuere-A51-e1767732199160-300x55.png\" alt=\"\" width=\"300\" height=\"55\" srcset=\"https:\/\/vshaidershofen.ac.at\/wp-content\/uploads\/2025\/12\/Kopie-von-Bunt-Verspielt-SchuleBildung-Landschaft-Bi-Falz-Broschuere-A51-e1767732199160-300x55.png 300w, https:\/\/vshaidershofen.ac.at\/wp-content\/uploads\/2025\/12\/Kopie-von-Bunt-Verspielt-SchuleBildung-Landschaft-Bi-Falz-Broschuere-A51-e1767732199160.png 548w\" sizes=\"auto, (max-width: 300px) 100vw, 300px\" \/><\/p>\t\t\t\t\t\t<\/div>\n\t\t\t\t<\/div>\n\t\t\t\t\t<\/div>\n\t\t<\/div>\n\t\t\t\t\t\t\t<\/div>\n\t\t<\/section>\n\t\t\t\t<section class=\"elementor-section elementor-top-section elementor-element elementor-element-9adee42 elementor-section-boxed elementor-section-height-default elementor-section-height-default\" data-id=\"9adee42\" data-element_type=\"section\">\n\t\t\t\t\t\t<div class=\"elementor-container elementor-column-gap-default\">\n\t\t\t\t\t<div class=\"elementor-column elementor-col-100 elementor-top-column elementor-element elementor-element-f32d302\" data-id=\"f32d302\" data-element_type=\"column\">\n\t\t\t<div class=\"elementor-widget-wrap elementor-element-populated\">\n\t\t\t\t\t\t\t\t<div class=\"elementor-element elementor-element-a8cee3a elementor-widget elementor-widget-spacer\" data-id=\"a8cee3a\" data-element_type=\"widget\" data-widget_type=\"spacer.default\">\n\t\t\t\t<div class=\"elementor-widget-container\">\n\t\t\t\t\t<div class=\"elementor-spacer\">\n\t\t\t<div class=\"elementor-spacer-inner\"><\/div>\n\t\t<\/div>\n\t\t\t\t<\/div>\n\t\t\t\t<\/div>\n\t\t\t\t\t<\/div>\n\t\t<\/div>\n\t\t\t\t\t\t\t<\/div>\n\t\t<\/section>\n\t\t\t\t\t\t\t<\/div>\n\t\t","protected":false},"excerpt":{"rendered":"<p>P\u00e4dagogisches Leitbild der Volksschule Haidershofen Unser Bildungsverst\u00e4ndnis Wir verstehen Schule als einen vielseitigen Lern- und Lebensraum, in dem Kinder in ihrer gesamten Pers\u00f6nlichkeit wahrgenommen, gef\u00f6rdert und gest\u00e4rkt werden. Lernen bedeutet&hellip;<\/p>\n","protected":false},"author":2,"featured_media":0,"parent":0,"menu_order":0,"comment_status":"closed","ping_status":"closed","template":"","meta":{"_themeisle_gutenberg_block_has_review":false,"footnotes":""},"class_list":["post-679","page","type-page","status-publish","hentry"],"_links":{"self":[{"href":"https:\/\/vshaidershofen.ac.at\/index.php\/wp-json\/wp\/v2\/pages\/679","targetHints":{"allow":["GET"]}}],"collection":[{"href":"https:\/\/vshaidershofen.ac.at\/index.php\/wp-json\/wp\/v2\/pages"}],"about":[{"href":"https:\/\/vshaidershofen.ac.at\/index.php\/wp-json\/wp\/v2\/types\/page"}],"author":[{"embeddable":true,"href":"https:\/\/vshaidershofen.ac.at\/index.php\/wp-json\/wp\/v2\/users\/2"}],"replies":[{"embeddable":true,"href":"https:\/\/vshaidershofen.ac.at\/index.php\/wp-json\/wp\/v2\/comments?post=679"}],"version-history":[{"count":28,"href":"https:\/\/vshaidershofen.ac.at\/index.php\/wp-json\/wp\/v2\/pages\/679\/revisions"}],"predecessor-version":[{"id":4281,"href":"https:\/\/vshaidershofen.ac.at\/index.php\/wp-json\/wp\/v2\/pages\/679\/revisions\/4281"}],"wp:attachment":[{"href":"https:\/\/vshaidershofen.ac.at\/index.php\/wp-json\/wp\/v2\/media?parent=679"}],"curies":[{"name":"wp","href":"https:\/\/api.w.org\/{rel}","templated":true}]}}